{"id":15698,"date":"2023-01-12T08:01:31","date_gmt":"2023-01-12T07:01:31","guid":{"rendered":"https:\/\/fuel-it.io\/?page_id=15698"},"modified":"2023-03-08T08:16:34","modified_gmt":"2023-03-08T07:16:34","slug":"acces-utilisateurs","status":"publish","type":"page","link":"https:\/\/fuel-it.io\/fr\/acces-utilisateurs\/","title":{"rendered":"Acc\u00e8s utilisateurs"},"content":{"rendered":"<p><div class=\"fusion-fullwidth fullwidth-box fusion-builder-row-1 fusion-flex-container has-pattern-background has-mask-background nonhundred-percent-fullwidth non-hundred-percent-height-scrolling ctnr-top-page\" style=\"--awb-border-radius-top-left:0px;--awb-border-radius-top-right:0px;--awb-border-radius-bottom-right:0px;--awb-border-radius-bottom-left:0px;--awb-flex-wrap:wrap;\" ><div class=\"fusion-builder-row fusion-row fusion-flex-align-items-flex-start fusion-flex-content-wrap\" style=\"max-width:1144px;margin-left: calc(-4% \/ 2 );margin-right: calc(-4% \/ 2 );\"><div class=\"fusion-layout-column fusion_builder_column fusion-builder-column-0 fusion_builder_column_1_4 1_4 fusion-flex-column\" style=\"--awb-bg-size:cover;--awb-width-large:25%;--awb-margin-top-large:0px;--awb-spacing-right-large:7.68%;--awb-margin-bottom-large:20px;--awb-spacing-left-large:7.68%;--awb-width-medium:25%;--awb-order-medium:0;--awb-spacing-right-medium:7.68%;--awb-spacing-left-medium:7.68%;--awb-width-small:100%;--awb-order-small:0;--awb-spacing-right-small:1.92%;--awb-spacing-left-small:1.92%;\"><div class=\"fusion-column-wrapper fusion-column-has-shadow fusion-flex-justify-content-flex-start fusion-content-layout-column\"><div class=\"fusion-separator fusion-full-width-sep\" style=\"align-self: center;margin-left: auto;margin-right: auto;width:100%;\"><div class=\"fusion-separator-border sep-single sep-solid\" style=\"--awb-height:20px;--awb-amount:20px;--awb-sep-color:#ce173c;border-color:#ce173c;border-top-width:4px;\"><\/div><\/div><div class=\"fusion-title title fusion-title-1 fusion-sep-none fusion-title-text fusion-title-size-one\" style=\"--awb-margin-bottom:0px;--awb-margin-top-small:10px;--awb-margin-right-small:0px;--awb-margin-bottom-small:10px;--awb-margin-left-small:0px;\"><h1 class=\"fusion-title-heading title-heading-left\" style=\"margin:0;\">VOTRE ESPACE &#8230;<\/h1><\/div><\/div><\/div><\/div><\/div><div class=\"fusion-fullwidth fullwidth-box fusion-builder-row-2 fusion-flex-container has-pattern-background has-mask-background nonhundred-percent-fullwidth non-hundred-percent-height-scrolling\" style=\"--awb-border-radius-top-left:0px;--awb-border-radius-top-right:0px;--awb-border-radius-bottom-right:0px;--awb-border-radius-bottom-left:0px;--awb-flex-wrap:wrap;\" ><div class=\"fusion-builder-row fusion-row fusion-flex-align-items-flex-start fusion-flex-justify-content-space-between fusion-flex-content-wrap\" style=\"max-width:1144px;margin-left: calc(-4% \/ 2 );margin-right: calc(-4% \/ 2 );\"><div class=\"fusion-layout-column fusion_builder_column fusion-builder-column-1 fusion_builder_column_2_5 2_5 fusion-flex-column col-fueldesk col-user\" style=\"--awb-bg-position:right top;--awb-bg-size:cover;--awb-width-large:40%;--awb-margin-top-large:0px;--awb-spacing-right-large:4.8%;--awb-margin-bottom-large:20px;--awb-spacing-left-large:4.8%;--awb-width-medium:40%;--awb-order-medium:0;--awb-spacing-right-medium:4.8%;--awb-spacing-left-medium:4.8%;--awb-width-small:100%;--awb-order-small:0;--awb-spacing-right-small:1.92%;--awb-spacing-left-small:1.92%;\"><div class=\"fusion-column-wrapper fusion-column-has-shadow fusion-flex-justify-content-flex-start fusion-content-layout-column\"><div class=\"fusion-image-element \" style=\"text-align:center;--awb-caption-title-font-family:var(--h2_typography-font-family);--awb-caption-title-font-weight:var(--h2_typography-font-weight);--awb-caption-title-font-style:var(--h2_typography-font-style);--awb-caption-title-size:var(--h2_typography-font-size);--awb-caption-title-transform:var(--h2_typography-text-transform);--awb-caption-title-line-height:var(--h2_typography-line-height);--awb-caption-title-letter-spacing:var(--h2_typography-letter-spacing);\"><span class=\" fusion-imageframe imageframe-none imageframe-1 hover-type-none\"><img decoding=\"async\" width=\"500\" height=\"289\" alt=\"FUELDESK\" title=\"FUELDESK\" src=\"https:\/\/fuel-it.io\/wp-content\/uploads\/2023\/01\/Img-fueldesk-min-1.jpg\" class=\"img-responsive wp-image-18775\" srcset=\"https:\/\/fuel-it.io\/wp-content\/uploads\/2023\/01\/Img-fueldesk-min-1-200x116.jpg 200w, https:\/\/fuel-it.io\/wp-content\/uploads\/2023\/01\/Img-fueldesk-min-1-400x231.jpg 400w, https:\/\/fuel-it.io\/wp-content\/uploads\/2023\/01\/Img-fueldesk-min-1.jpg 500w\" sizes=\"(max-width: 640px) 100vw, 500px\" \/><\/span><\/div><div class=\"fusion-title title fusion-title-2 fusion-sep-none fusion-title-center fusion-title-text fusion-title-size-two\" style=\"--awb-margin-top-small:10px;--awb-margin-right-small:0px;--awb-margin-bottom-small:10px;--awb-margin-left-small:0px;\"><h2 class=\"fusion-title-heading title-heading-center\" style=\"margin:0;\">FUELDESK<\/h2><\/div><div class=\"fusion-text fusion-text-1\"><p>Espace de gestion de l\u2019ensemble de votre parc de capteurs, pilotage des ressources de votre entreprise, vision sur l&rsquo;ensemble de vos clients ainsi que leurs \u00e9quipements!<\/p>\n<\/div><div style=\"text-align:center;\"><a class=\"fusion-button button-flat fusion-button-default-size button-default fusion-button-default button-1 fusion-button-default-span fusion-button-default-type\" target=\"_blank\" rel=\"noopener noreferrer\" href=\"https:\/\/dashboard.fuel-it.io\/connexion-pro\"><span class=\"fusion-button-text awb-button__text awb-button__text--default\">Y ALLER<\/span><\/a><\/div><div class=\"fusion-text fusion-text-2\"><h6 style=\"text-align: center;\"><em>https:\/\/dashboard.fuel-it.io\/connexion-pro<\/em><\/h6>\n<\/div><\/div><\/div><div class=\"fusion-layout-column fusion_builder_column fusion-builder-column-2 fusion_builder_column_2_5 2_5 fusion-flex-column col-fuelsens col-user\" style=\"--awb-bg-size:cover;--awb-width-large:40%;--awb-margin-top-large:0px;--awb-spacing-right-large:4.8%;--awb-margin-bottom-large:20px;--awb-spacing-left-large:4.8%;--awb-width-medium:40%;--awb-order-medium:0;--awb-spacing-right-medium:4.8%;--awb-spacing-left-medium:4.8%;--awb-width-small:100%;--awb-order-small:0;--awb-spacing-right-small:1.92%;--awb-spacing-left-small:1.92%;\"><div class=\"fusion-column-wrapper fusion-column-has-shadow fusion-flex-justify-content-flex-start fusion-content-layout-column\"><div class=\"fusion-image-element \" style=\"text-align:center;--awb-caption-title-font-family:var(--h2_typography-font-family);--awb-caption-title-font-weight:var(--h2_typography-font-weight);--awb-caption-title-font-style:var(--h2_typography-font-style);--awb-caption-title-size:var(--h2_typography-font-size);--awb-caption-title-transform:var(--h2_typography-text-transform);--awb-caption-title-line-height:var(--h2_typography-line-height);--awb-caption-title-letter-spacing:var(--h2_typography-letter-spacing);\"><span class=\" fusion-imageframe imageframe-none imageframe-2 hover-type-none\"><img decoding=\"async\" width=\"500\" height=\"289\" alt=\"FUELSENS\" title=\"FUELSENS\" src=\"https:\/\/fuel-it.io\/wp-content\/uploads\/2023\/01\/fuelsens-V2.jpg\" class=\"img-responsive wp-image-18784\" srcset=\"https:\/\/fuel-it.io\/wp-content\/uploads\/2023\/01\/fuelsens-V2-200x116.jpg 200w, https:\/\/fuel-it.io\/wp-content\/uploads\/2023\/01\/fuelsens-V2-400x231.jpg 400w, https:\/\/fuel-it.io\/wp-content\/uploads\/2023\/01\/fuelsens-V2.jpg 500w\" sizes=\"(max-width: 640px) 100vw, 500px\" \/><\/span><\/div><div class=\"fusion-title title fusion-title-3 fusion-sep-none fusion-title-center fusion-title-text fusion-title-size-two\" style=\"--awb-margin-top-small:10px;--awb-margin-right-small:0px;--awb-margin-bottom-small:10px;--awb-margin-left-small:0px;\"><h2 class=\"fusion-title-heading title-heading-center\" style=\"margin:0;\">FUELSENS<\/h2><\/div><div class=\"fusion-text fusion-text-3\"><p>Espace de gestion de l\u2019utilisateur final, professionnel ou particulier d\u00e9di\u00e9 \u00e0 un ou plusieurs contenants. Cet espace est disponible sur notre application mobile.\u00a0 (<span style=\"color: #ce173c;\"><strong><a style=\"color: #ce173c;\" href=\"https:\/\/apps.apple.com\/fr\/app\/fuel-it\/id1450291870\">Apple<\/a><\/strong><\/span> et <a href=\"https:\/\/play.google.com\/store\/apps\/details?id=com.fuelit.app&amp;hl=fr&amp;gl=US&amp;pli=1\"><span style=\"color: #ce173c;\"><strong>Playstore<\/strong><\/span><\/a>)<\/p>\n<\/div><div style=\"text-align:center;\"><a class=\"fusion-button button-flat fusion-button-default-size button-default fusion-button-default button-2 fusion-button-default-span fusion-button-default-type\" target=\"_blank\" rel=\"noopener noreferrer\" href=\"https:\/\/dashboard.fuel-it.io\/\"><span class=\"fusion-button-text awb-button__text awb-button__text--default\">Y ALLER<\/span><\/a><\/div><div class=\"fusion-text fusion-text-4\"><h6 style=\"text-align: center;\"><em>https:\/\/dashboard.fuel-it.io<\/em><\/h6>\n<\/div><\/div><\/div><\/div><\/div><\/p>\n","protected":false},"excerpt":{"rendered":"","protected":false},"author":35,"featured_media":0,"parent":0,"menu_order":0,"comment_status":"closed","ping_status":"closed","template":"100-width.php","meta":{"footnotes":""},"class_list":["post-15698","page","type-page","status-publish","hentry"],"_links":{"self":[{"href":"https:\/\/fuel-it.io\/fr\/wp-json\/wp\/v2\/pages\/15698","targetHints":{"allow":["GET"]}}],"collection":[{"href":"https:\/\/fuel-it.io\/fr\/wp-json\/wp\/v2\/pages"}],"about":[{"href":"https:\/\/fuel-it.io\/fr\/wp-json\/wp\/v2\/types\/page"}],"author":[{"embeddable":true,"href":"https:\/\/fuel-it.io\/fr\/wp-json\/wp\/v2\/users\/35"}],"replies":[{"embeddable":true,"href":"https:\/\/fuel-it.io\/fr\/wp-json\/wp\/v2\/comments?post=15698"}],"version-history":[{"count":5,"href":"https:\/\/fuel-it.io\/fr\/wp-json\/wp\/v2\/pages\/15698\/revisions"}],"predecessor-version":[{"id":27020,"href":"https:\/\/fuel-it.io\/fr\/wp-json\/wp\/v2\/pages\/15698\/revisions\/27020"}],"wp:attachment":[{"href":"https:\/\/fuel-it.io\/fr\/wp-json\/wp\/v2\/media?parent=15698"}],"curies":[{"name":"wp","href":"https:\/\/api.w.org\/{rel}","templated":true}]}}