{"id":29017,"date":"2018-01-21T15:38:08","date_gmt":"2018-01-21T14:38:08","guid":{"rendered":"https:\/\/fuel-it.io\/avisos-legales\/"},"modified":"2023-10-03T11:00:06","modified_gmt":"2023-10-03T09:00:06","slug":"avisos-legales","status":"publish","type":"page","link":"https:\/\/fuel-it.io\/es\/avisos-legales\/","title":{"rendered":"Informaci\u00f3n legal"},"content":{"rendered":"<div class=\"fusion-fullwidth fullwidth-box fusion-builder-row-1 fusion-flex-container nonhundred-percent-fullwidth non-hundred-percent-height-scrolling ctnr-top-page\" style=\"--awb-border-radius-top-left:0px;--awb-border-radius-top-right:0px;--awb-border-radius-bottom-right:0px;--awb-border-radius-bottom-left:0px;--awb-flex-wrap:wrap;\" ><div class=\"fusion-builder-row fusion-row fusion-flex-align-items-flex-start fusion-flex-justify-content-center fusion-flex-content-wrap\" style=\"max-width:1189.76px;margin-left: calc(-4% \/ 2 );margin-right: calc(-4% \/ 2 );\"><div class=\"fusion-layout-column fusion_builder_column fusion-builder-column-0 fusion_builder_column_1_1 1_1 fusion-flex-column fusion-flex-align-self-flex-start fusion-column-no-min-height\" style=\"--awb-bg-size:cover;--awb-width-large:100%;--awb-margin-top-large:0px;--awb-spacing-right-large:1.92%;--awb-margin-bottom-large:20px;--awb-spacing-left-large:1.92%;--awb-width-medium:100%;--awb-order-medium:0;--awb-spacing-right-medium:1.92%;--awb-spacing-left-medium:1.92%;--awb-width-small:100%;--awb-order-small:0;--awb-spacing-right-small:1.92%;--awb-spacing-left-small:1.92%;\"><div class=\"fusion-column-wrapper fusion-column-has-shadow fusion-flex-justify-content-flex-start fusion-content-layout-column\"><div class=\"fusion-title title fusion-title-1 fusion-sep-none fusion-title-center fusion-title-text fusion-title-size-one\" style=\"--awb-margin-top-small:10px;--awb-margin-right-small:0px;--awb-margin-bottom-small:10px;--awb-margin-left-small:0px;\"><h1 class=\"fusion-title-heading title-heading-center\" style=\"margin:0;\">Informaci\u00f3n jur\u00eddica<\/h1><\/div><div class=\"fusion-text fusion-text-1\" style=\"--awb-text-transform:none;\"><h2>1. Presentaci\u00f3n del sitio:<\/h2>\n<p>De conformidad con lo dispuesto en los art\u00edculos 6-III y 19 de la Ley n\u00ba 2004-575 de 21 de junio de 2004 relativa a la confianza en la econom\u00eda digital, conocida como L.C.E.N., ponemos en conocimiento de los usuarios y visitantes del sitio: fuel-it.io:<br \/>\nInformaci\u00f3n jur\u00eddica :<br \/>\nNombre de la empresa: FOUR DATA (empresa matriz)<br \/>\nDirecci\u00f3n: 11 rue Paul TH\u00c9NARD, 21000 DIJON<br \/>\nSIRENA: 821 783 222<br \/>\nDirecci\u00f3n de correo electr\u00f3nico: contact@fourdata.io<\/p>\n<p>El responsable de la publicaci\u00f3n es: Sra. Capucine DUBREUILLE<\/p>\n<p>El creador del sitio web es <a href=\"https:\/\/adesio.co\/\">la agencia web Adesio<\/a><br \/>\nEl Webmaster es: Adesio<br \/>\nContacto con el webmaster: info@adesio.co<br \/>\nEl host del sitio es: Kinsta<\/p>\n<h2>2. Descripci\u00f3n de los servicios prestados:<\/h2>\n<p>El objetivo del sitio web <strong>fuel-it.io<\/strong> es ofrecer informaci\u00f3n sobre todas las actividades de la empresa. El propietario del sitio se esfuerza por ofrecer en el sitio fuelit.io informaci\u00f3n lo m\u00e1s exacta posible. Sin embargo, no se hace responsable de las omisiones, inexactitudes o falta de actualizaci\u00f3n de la informaci\u00f3n, ya sean causadas por ella misma o por terceros que la suministren. Toda la informaci\u00f3n facilitada en el sitio web exemple.com se ofrece a t\u00edtulo meramente informativo, no es exhaustiva y est\u00e1 sujeta a cambios. Se facilita sin perjuicio de los cambios que se hayan producido desde su puesta en l\u00ednea.<\/p>\n<h2>3. Propiedad intelectual y falsificaci\u00f3n :<\/h2>\n<p>El propietario del sitio es titular de los derechos de propiedad intelectual o posee los derechos de uso sobre todos los elementos accesibles en el sitio, en particular los textos, im\u00e1genes, gr\u00e1ficos, logotipos, iconos, sonidos, software. Cualquier reproducci\u00f3n, representaci\u00f3n, modificaci\u00f3n, publicaci\u00f3n, adaptaci\u00f3n total o parcial de los elementos del sitio, cualquiera que sea el medio o el procedimiento utilizado, est\u00e1 prohibida, salvo autorizaci\u00f3n previa por escrito a la direcci\u00f3n electr\u00f3nica :  <a href=\"mailto:contact@fuel-it.io\">contact@fuel-it.io.<\/a> Toda utilizaci\u00f3n no autorizada del sitio o de cualquiera de los elementos que contiene se considerar\u00e1 constitutiva de infracci\u00f3n y ser\u00e1 perseguida de conformidad con las disposiciones de los art\u00edculos L.335-2 y siguientes. del C\u00f3digo de la Propiedad Intelectual franc\u00e9s.<\/p>\n<h2>4. Hiperv\u00ednculos y cookies :<\/h2>\n<p>El sitio fourdata.io contiene una serie de enlaces de hipertexto hacia otros sitios (socios, informaci\u00f3n, etc.) creados con la autorizaci\u00f3n del propietario del sitio. Sin embargo, el propietario del sitio no tiene la posibilidad de comprobar el contenido de los sitios visitados de esta forma y, por lo tanto, declina toda responsabilidad por cualquier riesgo de contenido il\u00edcito.<br \/>\nSe informa a los usuarios de que, cuando visitan el sitio web example.com, pueden instalarse autom\u00e1ticamente en su ordenador una o varias cookies. Una cookie es un peque\u00f1o archivo que no permite identificar al usuario, pero que registra informaci\u00f3n relativa a la navegaci\u00f3n de un ordenador en un sitio. Los datos obtenidos de este modo est\u00e1n destinados a facilitar la navegaci\u00f3n posterior por el sitio, as\u00ed como a permitir la realizaci\u00f3n de diversas mediciones de tr\u00e1fico.<br \/>\nPuede configurar su navegador para que le avise cuando reciba una cookie y rechazarla si lo desea, tal y como se describe en la siguiente direcci\u00f3n: www.cnil.fr.<br \/>\nNegarse a instalar una cookie puede imposibilitar el acceso a determinados servicios. No obstante, el usuario puede configurar su ordenador de la siguiente manera para rechazar la instalaci\u00f3n de cookies.<\/p>\n<h2>5. Protecci\u00f3n de personas y bienes &#8211; gesti\u00f3n de datos personales :<\/h2>\n<p>Usuario: Internauta que se conecta y utiliza el sitio antes mencionado: fuel-it.io<br \/>\nEn Francia, los datos personales est\u00e1n protegidos por la ley n\u00ba 78-87 de 6 de enero de 1978, la ley n\u00ba 2004-801 de 6 de agosto de 2004, el art\u00edculo L. 226-13 del C\u00f3digo Penal y la Directiva Europea de 24 de octubre de 1995.<br \/>\nEn el sitio web fourdata.io, el propietario del sitio web recopila informaci\u00f3n personal sobre el usuario \u00fanicamente a efectos de determinados servicios ofrecidos por el sitio web fourdata.io. Los usuarios facilitan esta informaci\u00f3n con pleno conocimiento de causa, sobre todo cuando la introducen ellos mismos. A continuaci\u00f3n, se informa a los usuarios del sitio web exemple.com de si est\u00e1n obligados o no a facilitar esta informaci\u00f3n.<br \/>\nDe conformidad con lo dispuesto en los art\u00edculos 38 y siguientes de la Ley francesa 78-17 de 6 de enero de 1978 relativa a la protecci\u00f3n de datos, todo usuario dispone de un derecho de acceso, rectificaci\u00f3n, supresi\u00f3n y oposici\u00f3n a los datos personales que le conciernan. Para ejercer este derecho, env\u00ede su solicitud a example.com por correo electr\u00f3nico o enviando una solicitud escrita y firmada, acompa\u00f1ada de una copia del documento de identidad con la firma del titular del documento, especificando la direcci\u00f3n a la que debe enviarse la respuesta.<br \/>\nNinguna informaci\u00f3n personal del usuario del sitio web exemple.com se publica sin el conocimiento del usuario, se intercambia, se transfiere o se vende por ning\u00fan medio a terceros. S\u00f3lo la hip\u00f3tesis de la compra del sitio ejemplo.com al propietario del sitio y de sus derechos permitir\u00eda la transmisi\u00f3n de dicha informaci\u00f3n al eventual comprador que a su vez estar\u00eda vinculado por la misma obligaci\u00f3n de conservaci\u00f3n y modificaci\u00f3n de los datos con respecto al usuario del sitio fuel-it.io.<\/p>\n<\/div><\/div><\/div><\/div><\/div>\n","protected":false},"excerpt":{"rendered":"","protected":false},"author":1,"featured_media":0,"parent":0,"menu_order":0,"comment_status":"closed","ping_status":"closed","template":"","meta":{"footnotes":""},"class_list":["post-29017","page","type-page","status-publish","hentry"],"_links":{"self":[{"href":"https:\/\/fuel-it.io\/es\/wp-json\/wp\/v2\/pages\/29017","targetHints":{"allow":["GET"]}}],"collection":[{"href":"https:\/\/fuel-it.io\/es\/wp-json\/wp\/v2\/pages"}],"about":[{"href":"https:\/\/fuel-it.io\/es\/wp-json\/wp\/v2\/types\/page"}],"author":[{"embeddable":true,"href":"https:\/\/fuel-it.io\/es\/wp-json\/wp\/v2\/users\/1"}],"replies":[{"embeddable":true,"href":"https:\/\/fuel-it.io\/es\/wp-json\/wp\/v2\/comments?post=29017"}],"version-history":[{"count":5,"href":"https:\/\/fuel-it.io\/es\/wp-json\/wp\/v2\/pages\/29017\/revisions"}],"predecessor-version":[{"id":30945,"href":"https:\/\/fuel-it.io\/es\/wp-json\/wp\/v2\/pages\/29017\/revisions\/30945"}],"wp:attachment":[{"href":"https:\/\/fuel-it.io\/es\/wp-json\/wp\/v2\/media?parent=29017"}],"curies":[{"name":"wp","href":"https:\/\/api.w.org\/{rel}","templated":true}]}}