{"id":28929,"date":"2017-05-09T15:29:18","date_gmt":"2017-05-09T13:29:18","guid":{"rendered":"https:\/\/fuel-it.io\/condiciones-generales-de-utilizacion-de-los-combustibles\/"},"modified":"2023-03-13T16:43:22","modified_gmt":"2023-03-13T15:43:22","slug":"condiciones-generales-de-utilizacion-de-los-combustibles","status":"publish","type":"page","link":"https:\/\/fuel-it.io\/es\/condiciones-generales-de-utilizacion-de-los-combustibles\/","title":{"rendered":"TyC &#8211; FuelSens FuelDesk"},"content":{"rendered":"<p><div class=\"fusion-bg-parallax\" data-bg-align=\"center center\" data-direction=\"up\" data-mute=\"false\" data-opacity=\"100\" data-velocity=\"-0.3\" data-mobile-enabled=\"false\" data-break_parents=\"0\" data-bg-image=\"https:\/\/fuel-it.io\/wp-content\/uploads\/2018\/07\/fuel-it-image-fond-page-professionnelle-capteur-connect\u00e9-cuve-mazout-fioul-sigfox-lora.jpg\" data-bg-repeat=\"false\" ><\/div><div class=\"fusion-fullwidth fullwidth-box fusion-builder-row-1 fusion-flex-container fusion-parallax-up nonhundred-percent-fullwidth non-hundred-percent-height-scrolling\" style=\"--awb-border-radius-top-left:0px;--awb-border-radius-top-right:0px;--awb-border-radius-bottom-right:0px;--awb-border-radius-bottom-left:0px;--awb-background-image:url(&quot;https:\/\/fuel-it.io\/wp-content\/uploads\/2018\/07\/fuel-it-image-fond-page-professionnelle-capteur-connect\u00e9-cuve-mazout-fioul-sigfox-lora.jpg&quot;);--awb-background-size:cover;--awb-flex-wrap:wrap;\" ><div class=\"fusion-builder-row fusion-row fusion-flex-align-items-flex-start fusion-flex-content-wrap\" style=\"max-width:1189.76px;margin-left: calc(-4% \/ 2 );margin-right: calc(-4% \/ 2 );\"><div class=\"fusion-layout-column fusion_builder_column fusion-builder-column-0 fusion_builder_column_3_4 3_4 fusion-flex-column\" style=\"--awb-bg-size:cover;--awb-width-large:75%;--awb-margin-top-large:0px;--awb-spacing-right-large:2.56%;--awb-margin-bottom-large:20px;--awb-spacing-left-large:2.56%;--awb-width-medium:75%;--awb-spacing-right-medium:2.56%;--awb-spacing-left-medium:2.56%;--awb-width-small:100%;--awb-spacing-right-small:1.92%;--awb-spacing-left-small:1.92%;\"><div class=\"fusion-column-wrapper fusion-flex-justify-content-flex-start fusion-content-layout-column\"><\/div><\/div><div class=\"fusion-layout-column fusion_builder_column fusion-builder-column-1 fusion_builder_column_1_4 1_4 fusion-flex-column fusion-animated\" style=\"--awb-padding-left:-1000px;--awb-bg-size:cover;--awb-width-large:25%;--awb-margin-top-large:0px;--awb-spacing-right-large:7.68%;--awb-margin-bottom-large:20px;--awb-spacing-left-large:7.68%;--awb-width-medium:25%;--awb-spacing-right-medium:7.68%;--awb-spacing-left-medium:7.68%;--awb-width-small:100%;--awb-spacing-right-small:1.92%;--awb-spacing-left-small:1.92%;\" data-animationType=\"fadeInUp\" data-animationDuration=\"0.3\" data-animationOffset=\"top-into-view\"><div class=\"fusion-column-wrapper fusion-flex-justify-content-flex-start fusion-content-layout-column\"><div class=\"fusion-separator fusion-full-width-sep\" style=\"align-self: center;margin-left: auto;margin-right: auto;margin-top:150px;width:100%;\"><\/div><div class=\"fusion-text fusion-text-1\"><p style=\"text-align: right; font-size: 18px;\"><strong><span style=\"color: #ffffff;\">Mida el nivel de aceite en los dep\u00f3sitos de sus clientes con nuestro sensor conectado<\/span><\/strong><\/p>\n<\/div><div style=\"text-align:right;\"><a class=\"fusion-button button-flat fusion-button-default-size button-default fusion-button-default button-1 fusion-button-default-span fusion-button-default-type\" target=\"_self\" href=\"https:\/\/fuel-it.io\/fr\/capteur-de-niveau\/\"><span class=\"fusion-button-text awb-button__text awb-button__text--default\">Descubra el sensor<\/span><\/a><\/div><div class=\"fusion-separator fusion-full-width-sep\" style=\"align-self: center;margin-left: auto;margin-right: auto;margin-top:150px;width:100%;\"><\/div><\/div><\/div><\/div><\/div><div class=\"fusion-fullwidth fullwidth-box fusion-builder-row-2 fusion-flex-container nonhundred-percent-fullwidth non-hundred-percent-height-scrolling\" style=\"--awb-border-radius-top-left:0px;--awb-border-radius-top-right:0px;--awb-border-radius-bottom-right:0px;--awb-border-radius-bottom-left:0px;--awb-flex-wrap:wrap;\" ><div class=\"fusion-builder-row fusion-row fusion-flex-align-items-flex-start fusion-flex-content-wrap\" style=\"max-width:1189.76px;margin-left: calc(-4% \/ 2 );margin-right: calc(-4% \/ 2 );\"><div class=\"fusion-layout-column fusion_builder_column fusion-builder-column-2 fusion_builder_column_1_1 1_1 fusion-flex-column\" style=\"--awb-bg-size:cover;--awb-width-large:100%;--awb-margin-top-large:0px;--awb-spacing-right-large:1.92%;--awb-margin-bottom-large:20px;--awb-spacing-left-large:1.92%;--awb-width-medium:100%;--awb-spacing-right-medium:1.92%;--awb-spacing-left-medium:1.92%;--awb-width-small:100%;--awb-spacing-right-small:1.92%;--awb-spacing-left-small:1.92%;\"><div class=\"fusion-column-wrapper fusion-flex-justify-content-flex-start fusion-content-layout-column\"><div class=\"fusion-separator fusion-full-width-sep\" style=\"align-self: center;margin-left: auto;margin-right: auto;width:100%;\"><div class=\"fusion-separator-border sep-double\" style=\"--awb-height:20px;--awb-amount:20px;border-color:var(--awb-color3);border-top-width:1px;border-bottom-width:1px;\"><\/div><\/div><div class=\"fusion-title title fusion-title-1 fusion-sep-none fusion-title-center fusion-title-text fusion-title-size-one\" style=\"--awb-margin-top-small:10px;--awb-margin-right-small:0px;--awb-margin-bottom-small:10px;--awb-margin-left-small:0px;\"><h1 class=\"fusion-title-heading title-heading-center\" style=\"margin:0;\"><h1 style=\"text-align: center;\"><span style=\"color: #ce173c;\"><strong>POL\u00cdTICAS DE DATOS<\/strong><\/span><\/h1><\/h1><\/div><div class=\"fusion-text fusion-text-2\" style=\"--awb-text-transform:none;\"><p style=\"text-align: left;\"><em>Versi\u00f3n 2 de 01\/06\/2022<\/em><\/p>\n<\/div><div class=\"fusion-title title fusion-title-2 fusion-sep-none fusion-title-center fusion-title-text fusion-title-size-one\" style=\"--awb-margin-top-small:10px;--awb-margin-right-small:0px;--awb-margin-bottom-small:10px;--awb-margin-left-small:0px;\"><h1 class=\"fusion-title-heading title-heading-center\" style=\"margin:0;\"><h2>Principios generales aplicables a la protecci\u00f3n de datos personales de los usuarios de los servicios Four Data \/ Fuel it<\/h2><\/h1><\/div><\/div><\/div><\/div><\/div><div class=\"fusion-fullwidth fullwidth-box fusion-builder-row-3 fusion-flex-container nonhundred-percent-fullwidth non-hundred-percent-height-scrolling\" style=\"--awb-border-radius-top-left:0px;--awb-border-radius-top-right:0px;--awb-border-radius-bottom-right:0px;--awb-border-radius-bottom-left:0px;--awb-flex-wrap:wrap;\" ><div class=\"fusion-builder-row fusion-row fusion-flex-align-items-flex-start fusion-flex-content-wrap\" style=\"max-width:1189.76px;margin-left: calc(-4% \/ 2 );margin-right: calc(-4% \/ 2 );\"><div class=\"fusion-layout-column fusion_builder_column fusion-builder-column-3 fusion_builder_column_1_1 1_1 fusion-flex-column\" style=\"--awb-bg-size:cover;--awb-width-large:100%;--awb-margin-top-large:0px;--awb-spacing-right-large:1.92%;--awb-margin-bottom-large:20px;--awb-spacing-left-large:1.92%;--awb-width-medium:100%;--awb-order-medium:0;--awb-spacing-right-medium:1.92%;--awb-spacing-left-medium:1.92%;--awb-width-small:100%;--awb-order-small:0;--awb-spacing-right-small:1.92%;--awb-spacing-left-small:1.92%;\"><div class=\"fusion-column-wrapper fusion-column-has-shadow fusion-flex-justify-content-flex-start fusion-content-layout-column\"><div class=\"fusion-text fusion-text-3\" style=\"--awb-text-transform:none;\"><p style=\"text-align: left;\">Four Data, a trav\u00e9s de su marca Fuel it, trata los datos personales de conformidad con las leyes y reglamentos vigentes, y en particular el Reglamento General de Protecci\u00f3n de Datos (RGPD), la Ley de Protecci\u00f3n de Datos modificada de 6 de enero de 1978 y las directrices establecidas por la CNIL.<br \/>\nLas pol\u00edticas de gobernanza de datos personales se aplican en las empresas y se supervisa el cumplimiento de sus disposiciones.<\/p>\n<\/div><\/div><\/div><\/div><\/div><div class=\"fusion-fullwidth fullwidth-box fusion-builder-row-4 fusion-flex-container nonhundred-percent-fullwidth non-hundred-percent-height-scrolling\" style=\"--awb-border-radius-top-left:0px;--awb-border-radius-top-right:0px;--awb-border-radius-bottom-right:0px;--awb-border-radius-bottom-left:0px;--awb-flex-wrap:wrap;\" ><div class=\"fusion-builder-row fusion-row fusion-flex-align-items-flex-start fusion-flex-content-wrap\" style=\"max-width:1189.76px;margin-left: calc(-4% \/ 2 );margin-right: calc(-4% \/ 2 );\"><div class=\"fusion-layout-column fusion_builder_column fusion-builder-column-4 fusion_builder_column_1_1 1_1 fusion-flex-column\" style=\"--awb-bg-size:cover;--awb-width-large:100%;--awb-margin-top-large:0px;--awb-spacing-right-large:1.92%;--awb-margin-bottom-large:20px;--awb-spacing-left-large:1.92%;--awb-width-medium:100%;--awb-order-medium:0;--awb-spacing-right-medium:1.92%;--awb-spacing-left-medium:1.92%;--awb-width-small:100%;--awb-order-small:0;--awb-spacing-right-small:1.92%;--awb-spacing-left-small:1.92%;\"><div class=\"fusion-column-wrapper fusion-column-has-shadow fusion-flex-justify-content-flex-start fusion-content-layout-column\"><div class=\"fusion-text fusion-text-4\" style=\"--awb-text-transform:none;\"><h2>1. Finalidad espec\u00edfica, expl\u00edcita y leg\u00edtima del tratamiento<\/h2>\n<\/div><div class=\"fusion-text fusion-text-5\" style=\"--awb-text-transform:none;\"><p>Los datos personales se recogen con fines espec\u00edficos (prop\u00f3sitos), que se dan a conocer a los interesados. Estos datos no podr\u00e1n utilizarse posteriormente de manera incompatible con estos fines. Estos datos se recogen de forma justa y se informa a los usuarios; no se recoge ning\u00fan dato sin el conocimiento de las personas.<\/p>\n<\/div><\/div><\/div><\/div><\/div><div class=\"fusion-fullwidth fullwidth-box fusion-builder-row-5 fusion-flex-container nonhundred-percent-fullwidth non-hundred-percent-height-scrolling\" style=\"--awb-border-radius-top-left:0px;--awb-border-radius-top-right:0px;--awb-border-radius-bottom-right:0px;--awb-border-radius-bottom-left:0px;--awb-flex-wrap:wrap;\" ><div class=\"fusion-builder-row fusion-row fusion-flex-align-items-flex-start fusion-flex-content-wrap\" style=\"max-width:1189.76px;margin-left: calc(-4% \/ 2 );margin-right: calc(-4% \/ 2 );\"><div class=\"fusion-layout-column fusion_builder_column fusion-builder-column-5 fusion_builder_column_1_1 1_1 fusion-flex-column\" style=\"--awb-bg-size:cover;--awb-width-large:100%;--awb-margin-top-large:0px;--awb-spacing-right-large:1.92%;--awb-margin-bottom-large:20px;--awb-spacing-left-large:1.92%;--awb-width-medium:100%;--awb-order-medium:0;--awb-spacing-right-medium:1.92%;--awb-spacing-left-medium:1.92%;--awb-width-small:100%;--awb-order-small:0;--awb-spacing-right-small:1.92%;--awb-spacing-left-small:1.92%;\"><div class=\"fusion-column-wrapper fusion-column-has-shadow fusion-flex-justify-content-flex-start fusion-content-layout-column\"><div class=\"fusion-text fusion-text-6\" style=\"--awb-text-transform:none;\"><h2>2. Pertinencia de los datos recogidos<\/h2>\n<\/div><div class=\"fusion-text fusion-text-7\" style=\"--awb-text-transform:none;\"><p>De acuerdo con la normativa vigente del RGPD, Four Data podr\u00e1 recabar datos personales directamente de sus clientes particulares o indirectamente a trav\u00e9s de clientes empresariales de acuerdo con la legislaci\u00f3n vigente. De acuerdo con el principio de minimizaci\u00f3n, s\u00f3lo recogemos los datos necesarios para los fines para los que se tratan.<\/p>\n<p>Las diferentes categor\u00edas de datos recopilados cuando se suscribe a los servicios de Four Data (interfaces web SaaS para profesionales y para clientes particulares o empresas) en el contexto de su uso de nuestros servicios o aplicaciones son las siguientes:<\/p>\n<p>Datos recopilados al utilizar el software Professional Desk y la aplicaci\u00f3n para smartphone (Android e iOS)<\/p>\n<\/div><div class=\"fusion-text fusion-text-8\" style=\"--awb-text-transform:none;\"><ul>\n<li>  Datos de identificaci\u00f3n (en particular, apellidos, nombre, n\u00famero de cliente, identificadores t\u00e9cnicos del cliente) ;<\/li>\n<li>Datos de contacto (incluida la direcci\u00f3n postal o de correo electr\u00f3nico y los n\u00fameros de tel\u00e9fono);<\/li>\n<li>Datos t\u00e9cnicos (incluido el tipo de contenido, formato y dimensiones, datos de consumo)<\/li>\n<li>Datos de uso (por ejemplo, p\u00e1ginas web visitadas, cita utilizada, tipo de soporte, etc.);<\/li>\n<li>Datos de conexi\u00f3n (incluida la direcci\u00f3n IP de su ordenador y los registros de conexi\u00f3n y uso) ;<\/li>\n<li>Datos financieros en caso de utilizaci\u00f3n del plugin \u00abPago por FI\u00bb (medios de pago e historial);<\/li>\n<li>Datos comerciales (lista de productos y servicios de los que se beneficia, datos del proveedor y distribuidor)<\/li>\n<\/ul>\n<\/div><div class=\"fusion-text fusion-text-9\" style=\"--awb-text-transform:none;\"><p>Datos recogidos en el marco de la utilizaci\u00f3n del programa inform\u00e1tico Escritorio Profesional<\/p>\n<p>Datos de identificaci\u00f3n (por ejemplo, apellidos, nombre, n\u00famero de cliente, identificadores t\u00e9cnicos del<br \/>\ncliente) ;<\/p>\n<ul>\n<li>Datos de contacto (incluida la direcci\u00f3n postal o de correo electr\u00f3nico y los n\u00fameros de tel\u00e9fono);<\/li>\n<li>Datos t\u00e9cnicos del cliente (datos de la interfaz del cliente)<\/li>\n<li>Datos de uso (por ejemplo, p\u00e1ginas web visitadas, cita utilizada, tipo de soporte, etc.);<\/li>\n<li>Datos de conexi\u00f3n (incluida la direcci\u00f3n IP de su ordenador, registros de conexi\u00f3n y<br \/>\nde uso) ;<\/li>\n<li>Datos comerciales (lista de productos y servicios de los que se beneficia y plugin utilizado)<\/li>\n<\/ul>\n<\/div><\/div><\/div><\/div><\/div><div class=\"fusion-fullwidth fullwidth-box fusion-builder-row-6 fusion-flex-container nonhundred-percent-fullwidth non-hundred-percent-height-scrolling\" style=\"--awb-border-radius-top-left:0px;--awb-border-radius-top-right:0px;--awb-border-radius-bottom-right:0px;--awb-border-radius-bottom-left:0px;--awb-flex-wrap:wrap;\" ><div class=\"fusion-builder-row fusion-row fusion-flex-align-items-flex-start fusion-flex-content-wrap\" style=\"max-width:1189.76px;margin-left: calc(-4% \/ 2 );margin-right: calc(-4% \/ 2 );\"><div class=\"fusion-layout-column fusion_builder_column fusion-builder-column-6 fusion_builder_column_1_1 1_1 fusion-flex-column\" style=\"--awb-bg-size:cover;--awb-width-large:100%;--awb-margin-top-large:0px;--awb-spacing-right-large:1.92%;--awb-margin-bottom-large:20px;--awb-spacing-left-large:1.92%;--awb-width-medium:100%;--awb-order-medium:0;--awb-spacing-right-medium:1.92%;--awb-spacing-left-medium:1.92%;--awb-width-small:100%;--awb-order-small:0;--awb-spacing-right-small:1.92%;--awb-spacing-left-small:1.92%;\"><div class=\"fusion-column-wrapper fusion-column-has-shadow fusion-flex-justify-content-flex-start fusion-content-layout-column\"><div class=\"fusion-text fusion-text-10\" style=\"--awb-text-transform:none;\"><h2>3. Per\u00edodo de conservaci\u00f3n limitado de los datos personales<\/h2>\n<\/div><div class=\"fusion-text fusion-text-11\" style=\"--awb-text-transform:none;\"><p>Los datos personales se conservan durante un periodo de tiempo limitado, que no supera el tiempo necesario para los fines de la recogida. Los periodos de conservaci\u00f3n de los datos se dan a conocer a los particulares y var\u00edan en funci\u00f3n de la naturaleza de los datos, la finalidad del tratamiento o los requisitos legales o reglamentarios.<\/p>\n<\/div><\/div><\/div><\/div><\/div><div class=\"fusion-fullwidth fullwidth-box fusion-builder-row-7 fusion-flex-container nonhundred-percent-fullwidth non-hundred-percent-height-scrolling\" style=\"--awb-border-radius-top-left:0px;--awb-border-radius-top-right:0px;--awb-border-radius-bottom-right:0px;--awb-border-radius-bottom-left:0px;--awb-flex-wrap:wrap;\" ><div class=\"fusion-builder-row fusion-row fusion-flex-align-items-flex-start fusion-flex-content-wrap\" style=\"max-width:1189.76px;margin-left: calc(-4% \/ 2 );margin-right: calc(-4% \/ 2 );\"><div class=\"fusion-layout-column fusion_builder_column fusion-builder-column-7 fusion_builder_column_1_1 1_1 fusion-flex-column\" style=\"--awb-bg-size:cover;--awb-width-large:100%;--awb-margin-top-large:0px;--awb-spacing-right-large:1.92%;--awb-margin-bottom-large:20px;--awb-spacing-left-large:1.92%;--awb-width-medium:100%;--awb-order-medium:0;--awb-spacing-right-medium:1.92%;--awb-spacing-left-medium:1.92%;--awb-width-small:100%;--awb-order-small:0;--awb-spacing-right-small:1.92%;--awb-spacing-left-small:1.92%;\"><div class=\"fusion-column-wrapper fusion-column-has-shadow fusion-flex-justify-content-flex-start fusion-content-layout-column\"><div class=\"fusion-text fusion-text-12\" style=\"--awb-text-transform:none;\"><h2>4. Derechos de las personas<\/h2>\n<\/div><div class=\"fusion-text fusion-text-13\" style=\"--awb-text-transform:none;\"><p>Todos los medios necesarios para garantizar la efectividad de los derechos de las personas sobre sus datos personales se implementan a trav\u00e9s del software profesional Desk &amp; su plugin RGPD<\/p>\n<ul>\n<li>Informaci\u00f3n clara y completa sobre el tratamiento de datos realizado, de forma sencilla<br \/>\naccesible y comprensible para todos.<\/li>\n<li>Acceso m\u00e1s f\u00e1cil a los datos: todo el mundo tiene derecho a sus propios datos,<br \/>\nque puede ejercer en cualquier momento y de forma gratuita solicit\u00e1ndolo en su espacio<br \/>\ncliente.<\/li>\n<\/ul>\n<p>As\u00ed, las personas pueden acceder a todos sus datos personales y, en algunos casos, rectificarlos (datos inexactos, incompletos), suprimirlos o pedir que se limite temporalmente su uso. Las personas tambi\u00e9n tienen derecho a la portabilidad en relaci\u00f3n con los datos que hayan facilitado personalmente y cuando estos datos se hayan facilitado sobre la base del consentimiento expl\u00edcito de la persona o la ejecuci\u00f3n de un contrato.<br \/>\nEstos derechos se facilitan en l\u00ednea o son posibles por cualquier otro medio de acuerdo con los t\u00e9rminos y condiciones dados a conocer a los particulares. Estas solicitudes tambi\u00e9n pueden dirigirse al RPD.<\/p>\n<\/div><\/div><\/div><\/div><\/div><div class=\"fusion-fullwidth fullwidth-box fusion-builder-row-8 fusion-flex-container nonhundred-percent-fullwidth non-hundred-percent-height-scrolling\" style=\"--awb-border-radius-top-left:0px;--awb-border-radius-top-right:0px;--awb-border-radius-bottom-right:0px;--awb-border-radius-bottom-left:0px;--awb-flex-wrap:wrap;\" ><div class=\"fusion-builder-row fusion-row fusion-flex-align-items-flex-start fusion-flex-content-wrap\" style=\"max-width:1189.76px;margin-left: calc(-4% \/ 2 );margin-right: calc(-4% \/ 2 );\"><div class=\"fusion-layout-column fusion_builder_column fusion-builder-column-8 fusion_builder_column_1_1 1_1 fusion-flex-column\" style=\"--awb-bg-size:cover;--awb-width-large:100%;--awb-margin-top-large:0px;--awb-spacing-right-large:1.92%;--awb-margin-bottom-large:20px;--awb-spacing-left-large:1.92%;--awb-width-medium:100%;--awb-order-medium:0;--awb-spacing-right-medium:1.92%;--awb-spacing-left-medium:1.92%;--awb-width-small:100%;--awb-order-small:0;--awb-spacing-right-small:1.92%;--awb-spacing-left-small:1.92%;\"><div class=\"fusion-column-wrapper fusion-column-has-shadow fusion-flex-justify-content-flex-start fusion-content-layout-column\"><div class=\"fusion-text fusion-text-14\" style=\"--awb-text-transform:none;\"><h2>5. Un responsable de la protecci\u00f3n de datos (RPD)<\/h2>\n<\/div><div class=\"fusion-text fusion-text-15\" style=\"--awb-text-transform:none;\"><p>Con el fin de preservar la privacidad y la protecci\u00f3n de los datos personales de todos, la empresa FOUR DATA ha designado desde 2018 un Corresponsal Informatique et Libert\u00e9s (CIL). Denominado ahora \u00abResponsable de Protecci\u00f3n de Datos\u00bb (RPD), ejerce sus funciones de forma independiente y para todas las marcas de la empresa. El RPD es una garant\u00eda de confianza. Contacto especializado en protecci\u00f3n de datos personales, encargado de velar por la correcta aplicaci\u00f3n de las normas de protecci\u00f3n de datos, interlocutor privilegiado de la Commission Nationale de l&#8217;Informatique et des Libert\u00e9s (CNIL) y de todas las personas afectadas por la recogida o el tratamiento de datos personales.<\/p>\n<\/div><\/div><\/div><\/div><\/div><div class=\"fusion-fullwidth fullwidth-box fusion-builder-row-9 fusion-flex-container nonhundred-percent-fullwidth non-hundred-percent-height-scrolling\" style=\"--awb-border-radius-top-left:0px;--awb-border-radius-top-right:0px;--awb-border-radius-bottom-right:0px;--awb-border-radius-bottom-left:0px;--awb-flex-wrap:wrap;\" ><div class=\"fusion-builder-row fusion-row fusion-flex-align-items-flex-start fusion-flex-content-wrap\" style=\"max-width:1189.76px;margin-left: calc(-4% \/ 2 );margin-right: calc(-4% \/ 2 );\"><div class=\"fusion-layout-column fusion_builder_column fusion-builder-column-9 fusion_builder_column_1_1 1_1 fusion-flex-column\" style=\"--awb-bg-size:cover;--awb-width-large:100%;--awb-margin-top-large:0px;--awb-spacing-right-large:1.92%;--awb-margin-bottom-large:20px;--awb-spacing-left-large:1.92%;--awb-width-medium:100%;--awb-order-medium:0;--awb-spacing-right-medium:1.92%;--awb-spacing-left-medium:1.92%;--awb-width-small:100%;--awb-order-small:0;--awb-spacing-right-small:1.92%;--awb-spacing-left-small:1.92%;\"><div class=\"fusion-column-wrapper fusion-column-has-shadow fusion-flex-justify-content-flex-start fusion-content-layout-column\"><div class=\"fusion-text fusion-text-16\" style=\"--awb-text-transform:none;\"><h2>6. Seguimiento de la pol\u00edtica de privacidad<\/h2>\n<\/div><div class=\"fusion-text fusion-text-17\" style=\"--awb-text-transform:none;\"><p>Esta pol\u00edtica, accesible a todos en los sitios web de la marca Four Data, se actualiza peri\u00f3dicamente para tener en cuenta la evoluci\u00f3n legislativa y reglamentaria.<\/p>\n<\/div><\/div><\/div><\/div><\/div><\/p>\n","protected":false},"excerpt":{"rendered":"","protected":false},"author":1,"featured_media":0,"parent":0,"menu_order":0,"comment_status":"closed","ping_status":"closed","template":"100-width.php","meta":{"footnotes":""},"class_list":["post-28929","page","type-page","status-publish","hentry"],"_links":{"self":[{"href":"https:\/\/fuel-it.io\/es\/wp-json\/wp\/v2\/pages\/28929","targetHints":{"allow":["GET"]}}],"collection":[{"href":"https:\/\/fuel-it.io\/es\/wp-json\/wp\/v2\/pages"}],"about":[{"href":"https:\/\/fuel-it.io\/es\/wp-json\/wp\/v2\/types\/page"}],"author":[{"embeddable":true,"href":"https:\/\/fuel-it.io\/es\/wp-json\/wp\/v2\/users\/1"}],"replies":[{"embeddable":true,"href":"https:\/\/fuel-it.io\/es\/wp-json\/wp\/v2\/comments?post=28929"}],"version-history":[{"count":1,"href":"https:\/\/fuel-it.io\/es\/wp-json\/wp\/v2\/pages\/28929\/revisions"}],"predecessor-version":[{"id":28939,"href":"https:\/\/fuel-it.io\/es\/wp-json\/wp\/v2\/pages\/28929\/revisions\/28939"}],"wp:attachment":[{"href":"https:\/\/fuel-it.io\/es\/wp-json\/wp\/v2\/media?parent=28929"}],"curies":[{"name":"wp","href":"https:\/\/api.w.org\/{rel}","templated":true}]}}