{"id":21419,"date":"2023-01-21T20:04:39","date_gmt":"2023-01-21T19:04:39","guid":{"rendered":"https:\/\/fuel-it.io\/vertraulichkeit\/"},"modified":"2023-02-25T21:46:03","modified_gmt":"2023-02-25T20:46:03","slug":"vertraulichkeit","status":"publish","type":"page","link":"https:\/\/fuel-it.io\/de\/vertraulichkeit\/","title":{"rendered":"Datenschutz"},"content":{"rendered":"<div class=\"fusion-fullwidth fullwidth-box fusion-builder-row-1 fusion-flex-container has-pattern-background has-mask-background nonhundred-percent-fullwidth non-hundred-percent-height-scrolling\" style=\"--awb-border-radius-top-left:0px;--awb-border-radius-top-right:0px;--awb-border-radius-bottom-right:0px;--awb-border-radius-bottom-left:0px;--awb-padding-top:20px;--awb-flex-wrap:wrap;\" ><div class=\"fusion-builder-row fusion-row fusion-flex-align-items-flex-start fusion-flex-content-wrap\" style=\"max-width:1189.76px;margin-left: calc(-4% \/ 2 );margin-right: calc(-4% \/ 2 );\"><div class=\"fusion-layout-column fusion_builder_column fusion-builder-column-0 fusion_builder_column_1_1 1_1 fusion-flex-column\" style=\"--awb-bg-size:cover;--awb-width-large:100%;--awb-margin-top-large:0px;--awb-spacing-right-large:1.92%;--awb-margin-bottom-large:20px;--awb-spacing-left-large:1.92%;--awb-width-medium:100%;--awb-order-medium:0;--awb-spacing-right-medium:1.92%;--awb-spacing-left-medium:1.92%;--awb-width-small:100%;--awb-order-small:0;--awb-spacing-right-small:1.92%;--awb-spacing-left-small:1.92%;\"><div class=\"fusion-column-wrapper fusion-column-has-shadow fusion-flex-justify-content-flex-start fusion-content-layout-column\"><div class=\"fusion-title title fusion-title-1 fusion-sep-none fusion-title-text fusion-title-size-one\" style=\"--awb-margin-top-small:10px;--awb-margin-right-small:0px;--awb-margin-bottom-small:10px;--awb-margin-left-small:0px;\"><h1 class=\"fusion-title-heading title-heading-left\" style=\"margin:0;\">Datenschutz<\/h1><\/div><div class=\"fusion-text fusion-text-1\"><p>Diese Datenschutzrichtlinie definiert und informiert Sie dar\u00fcber, wie Fuel it als Datenverantwortlicher die Informationen, die Sie bei der Nutzung von fuel-it.io (nachfolgend &#8222;die Seite&#8220;) \u00fcbermitteln, nutzt und sch\u00fctzt.<\/p>\n<p>Diese Datenschutzrichtlinie kann jederzeit von Fuel it ge\u00e4ndert oder erg\u00e4nzt werden. Das Datum seiner Aktualisierung wird dann ausdr\u00fccklich angegeben. Diese \u00c4nderungen sind f\u00fcr Sie bindend, sobald sie online gestellt werden, und wir empfehlen Ihnen, sie regelm\u00e4\u00dfig zu \u00fcberpr\u00fcfen.<\/p>\n<p>Durch die Nutzung der Website erkl\u00e4ren Sie sich ausdr\u00fccklich mit unserer Datenschutzrichtlinie einverstanden, von der Sie erkl\u00e4ren, dass Sie sie vollst\u00e4ndig zur Kenntnis genommen haben.<\/p>\n<p><strong>1. Gesammelte Informationen<\/strong><br \/>\nFuel it sammelt pers\u00f6nliche Informationen \u00fcber Sie, wenn Sie sich f\u00fcr den Newsletter anmelden oder ein Kontaktformular absenden. Zu den gesammelten Informationen geh\u00f6ren Ihr Vor- und Nachname, Ihre E-Mail-Adresse und Ihre Telefonnummer.<br \/>\nSchlie\u00dflich erhalten und speichern wir automatisch Informationen von Ihrem Computer und Ihrem Browser, einschlie\u00dflich Ihrer IP-Adresse, wenn Sie die Website besuchen.<\/p>\n<p><strong>2. Zweck der Informationssammlung<\/strong><\/p>\n<p>Alle Informationen, die wir von Ihnen sammeln, werden zu folgenden Zwecken verwendet:<\/p>\n<p>&#8211; Sie \u00fcber Produkte, Programme, Dienstleistungen und Werbeaktionen zu informieren, die f\u00fcr Sie von Interesse sein k\u00f6nnten, sofern Sie vorher Ihre Zustimmung gegeben haben,<br \/>\n&#8211; Verbesserung der Leistung unserer Website,<br \/>\n&#8211; Ihre Erfahrung auf der Website zu personalisieren und auf Ihre individuellen Bed\u00fcrfnisse einzugehen<\/p>\n<p>Diese Verarbeitung ist f\u00fcr die Erf\u00fcllung unserer vertraglichen Verpflichtungen erforderlich und beruht auf unserem berechtigten Interesse an der Verbesserung unserer Dienstleistungen und dem Verst\u00e4ndnis der Erwartungen der Nutzer der Website.<\/p>\n<p><strong>3. Dauer der Aufbewahrung<\/strong><\/p>\n<p>Fuel it speichert personenbezogene Daten nur so lange, wie es f\u00fcr die Vorg\u00e4nge, f\u00fcr die sie gesammelt wurden, notwendig ist.<br \/>\nIm Besonderen:<br \/>\n&#8211; Leaddaten, d. h. Daten von Personen, die ein Formular abgeschickt haben, werden zwei Jahre lang ab dem Zeitpunkt ihrer Erhebung oder der letzten Verbindung des Leads mit der Website aufbewahrt.<br \/>\n&#8211; Die im Endger\u00e4t der Nutzer gespeicherten Informationen (Cookies) oder jedes andere Element, das zur Identifizierung der Nutzer verwendet wird und die R\u00fcckverfolgbarkeit der Nutzer erm\u00f6glicht, werden zw\u00f6lf Monate lang aufbewahrt.<\/p>\n<p><strong>4. Datenschutz<\/strong><\/p>\n<p>Fuel it ist der alleinige Eigent\u00fcmer der auf der Website gesammelten Informationen. Ihre pers\u00f6nlichen Daten werden ohne Ihre Zustimmung nicht verkauft, ausgetauscht, \u00fcbertragen oder an ein anderes Unternehmen zu kommerziellen Zwecken weitergegeben.<\/p>\n<p>Diese sind jedoch nicht befugt, die Daten zu Zwecken zu verwenden, die au\u00dferhalb ihres eigentlichen Aufgabenbereichs liegen, oder Ihre Daten an Dritte zu verkaufen, auszutauschen oder zu \u00fcbertragen.<\/p>\n<p>Ihre Daten k\u00f6nnen auch an Dritte weitergegeben werden, allerdings nur innerhalb der erlaubten Grenzen (a) nach den geltenden Gesetzen , (b) um rechtliche Verfahren einzuhalten, (c) um Anfragen von Regierungs- und \u00f6ffentlichen Beh\u00f6rden zu beantworten, auch wenn diese sich au\u00dferhalb Ihres Wohnsitzlandes befinden, (d) um die Einhaltung unserer Gesch\u00e4fts- und Nutzungsbedingungen zu gew\u00e4hrleisten, (e) um unsere Rechte und Interessen sowie die Rechte und Interessen anderer Personen oder Nutzer der Website zu sch\u00fctzen.<\/p>\n<p>Ihre nicht-nominativen Daten, d. h. Daten, die Ihre Identifizierung nicht erm\u00f6glichen, k\u00f6nnen eventuell an Dritte weitergegeben werden, insbesondere zu statistischen, Marketing- oder Werbezwecken. Die Artikel auf dieser Website k\u00f6nnen eingebettete Inhalte enthalten (z. B. Videos, Bilder, Artikel &#8230;). Inhalte, die von anderen Websites eingebunden werden, verhalten sich so, als w\u00fcrde der Besucher diese andere Website besuchen. Diese Websites k\u00f6nnten Daten \u00fcber Sie sammeln, Cookies verwenden, Tracking-Tools von Drittanbietern einbetten, Ihre Interaktionen mit diesen eingebetteten Inhalten verfolgen, wenn Sie ein eingeloggtes Konto auf ihrer Website haben.<\/p>\n<div class=\"fusion-privacy-element fusion-privacy-element-1\">\n<div class=\"fusion-privacy-form-intro\">\n<p>Wir stellen Ihnen die Wahl zur Verf\u00fcgung, ob Sie den Inhalt dieser Drittanwendungen akzeptieren wollen oder nicht. Deaktivieren Sie dazu einfach die unten stehenden K\u00e4stchen und es werden keine Daten von diesen Dritten akzeptiert. Sie k\u00f6nnen Ihre Entscheidung jederzeit r\u00fcckg\u00e4ngig machen, indem Sie die unten stehenden K\u00e4stchen an- oder abw\u00e4hlen und auf die Schaltfl\u00e4che &#8222;Aktualisieren&#8220; klicken.<\/p>\n<\/div>\n<form id=\"fusion-privacy-form-1\" class=\"fusion-privacy-form fusion-privacy-form-floated\" method=\"post\">\n<ul>\n<li><label for=\"youtube\"><input id=\"youtube\" name=\"consents&#091;&#093;\" type=\"checkbox\" value=\"youtube\">YouTube<\/label><\/li>\n<li><label for=\"gmaps\"><input id=\"gmaps\" name=\"consents&#091;&#093;\" type=\"checkbox\" value=\"gmaps\">Google Maps<\/label><\/li>\n<li><label for=\"tracking\"><input id=\"tracking\" name=\"consents&#091;&#093;\" type=\"checkbox\" value=\"tracking\">Nachverfolgung von Cookies<\/label><\/li>\n<\/ul>\n<p><input name=\"_wp_http_referer\" type=\"hidden\" value=\"\/confidentiality-and-cookie\/\"><input name=\"privacyformid\" type=\"hidden\" value=\"1\"><input name=\"consents&#091;&#093;\" type=\"hidden\" value=\"stimmen Sie zu\"><input class=\"fusion-button fusion-button-default fusion-button-default-size\" type=\"submit\" value=\"Update\"><\/p>\n<\/form>\n<\/div>\n<p><strong>5. Schutz von Informationen<\/strong><\/p>\n<p>Wir stellen sicher, dass jeder Dienstleister oder Subunternehmer, den wir im Zusammenhang mit der Erhebung und Verarbeitung der Daten, die Sie uns zur Verf\u00fcgung stellen, in Anspruch nehmen k\u00f6nnen, angemessene Garantien f\u00fcr die Vertraulichkeit, die Nutzung und den Schutz der Daten bietet.<\/p>\n<p>Die Computer und Server, die zur Speicherung von pers\u00f6nlich identifizierbaren Informationen verwendet werden, werden in einer sicheren Umgebung aufbewahrt.<\/p>\n<p><strong>6. Recht auf Zugang, Berichtigung und Widerspruch<\/strong><\/p>\n<p>Sie haben das Recht auf Zugang, Einschr\u00e4nkung, Berichtigung, L\u00f6schung und Widerspruch gegen die Verwendung Ihrer an die Website \u00fcbermittelten personenbezogenen Daten.<\/p>\n<p>Jede diesbez\u00fcgliche Anfrage muss an den Verantwortlichen f\u00fcr die Bearbeitung der Website gerichtet werden, indem eine E-Mail an contact@fuel-it.io gesendet wird.<\/p>\n<p>In Anbetracht unserer Verpflichtung zur Sicherheit und Vertraulichkeit bei der Verarbeitung personenbezogener Daten muss jedem Antrag zwingend eine Fotokopie oder ein Scan Ihres Identit\u00e4tsnachweises (Personalausweis, Reisepass, F\u00fchrerschein) beigef\u00fcgt werden.<\/p>\n<p>Wir werden Ihnen innerhalb von h\u00f6chstens einem Monat nach Eingang Ihrer Anfrage antworten.<\/p>\n<p>Um Sie bei Ihren Schritten zu unterst\u00fctzen, hat die CNIL Musterbriefe erstellt, mit denen Sie beantragen k\u00f6nnen :<\/p>\n<p>&#8211; Der Zugang zu ihren pers\u00f6nlichen Daten :<br \/>\nhttps:\/\/www.cnil.fr\/fr\/modele\/courrier\/exercer-son-droit-dacces<\/p>\n<p>&#8211; Die Berichtigung, Aktualisierung, Sperrung oder L\u00f6schung Ihrer personenbezogenen Daten :<br \/>\nhttps:\/\/www.cnil.fr\/fr\/modele\/courrier\/rectifier-des-donnees-inexactes-obsoletes-ou-perimees<\/p>\n<p>&#8211; Widerspruch gegen die Verarbeitung Ihrer pers\u00f6nlichen Daten aus einem legitimen Grund oder wenn Ihre Daten zu Zwecken der kommerziellen Werbung verwendet werden :<br \/>\nhttps:\/\/www.cnil.fr\/fr\/modele\/courrier\/supprimer-des-informations-vous-concernant-dun-site-internet<\/p>\n<p><strong>7. Richtlinien zur Verwendung von Cookies<\/strong><br \/>\nWenn Sie sich mit der Website verbinden, kann Fuel it ein Cookie auf der Festplatte Ihres Terminals platzieren, um Ihnen eine fl\u00fcssige und optimale Navigation auf der Website zu gew\u00e4hrleisten. Cookies&#8220; (auch &#8222;Cookies&#8220; genannt) erm\u00f6glichen es uns, Ihren Computer, Ihr Tablet oder Ihr Mobiltelefon zu erkennen, um die Dienste, die wir Ihnen \u00fcber die Website anbieten, zu personalisieren.<\/p>\n<p>Um Sie dar\u00fcber zu informieren, erscheint ein Banner am unteren Rand Ihres Bildschirms, wenn Sie sich auf der Website anmelden. Sie k\u00f6nnen die Ablage von Cookies auf Ihrem Endger\u00e4t jederzeit ablehnen, indem Sie Ihren Internetbrowser entsprechend einstellen. In einem solchen Fall k\u00f6nnen wir Ihnen jedoch nicht garantieren, dass die Website optimal funktioniert, und wir k\u00f6nnen nicht f\u00fcr eventuelle Folgen haftbar gemacht werden, die mit der Ver\u00e4nderung Ihrer Navigationsbedingungen auf der Website verbunden sind, die sich aus Ihrer Entscheidung ergeben, die f\u00fcr das ordnungsgem\u00e4\u00dfe Funktionieren der Website erforderlichen Cookies abzulehnen oder zu blockieren.<\/p>\n<p>Um Sie bei Ihren Einstellungen zu unterst\u00fctzen, hat die CNIL eine spezielle Seite zur Kontrolle von Cookies entwickelt, die Sie unter folgendem Link aufrufen k\u00f6nnen: https:\/\/www.cnil.fr\/fr\/cookies-les-outils-pour-les-maitriser.<\/p>\n<p>Die mithilfe von Cookies gesammelten Informationen erm\u00f6glichen es keinesfalls, Sie namentlich zu identifizieren, und dienen lediglich dazu, uns dabei zu helfen, die Leistung der Website zu steigern.<\/p>\n<p>Gem\u00e4\u00df den Empfehlungen der CNIL unterliegen Cookies, die f\u00fcr den Betrieb der Website unbedingt erforderlich sind, keiner vorherigen Verpflichtung Ihrerseits. Im Gegensatz dazu ist Ihre ausdr\u00fcckliche Zustimmung vor der Verwendung von Cookies erforderlich, die von Dritten ausgegeben werden, die den Datenschutzrichtlinien dieser Dritten unterliegen, die auf ihren Websites eingesehen werden k\u00f6nnen. Diese Cookies k\u00f6nnen Cookies f\u00fcr die Messung der Besucherzahlen, Werbecookies oder Cookies f\u00fcr das Teilen in sozialen Netzwerken sein.<\/p>\n<p><strong>8. Beschwerden<\/strong><\/p>\n<p>Wenn Sie der Meinung sind, dass wir unseren Verpflichtungen in Bezug auf die Erhebung und Verarbeitung Ihrer personenbezogenen Daten nicht nachkommen, k\u00f6nnen Sie eine Beschwerde bei der CNIL per Post oder elektronisch \u00fcber den folgenden Link einreichen: https:\/\/www.cnil.fr\/fr\/plaintes\/internet.<\/p>\n<p>&#8211; Januar 2023 &#8211;<\/p>\n<\/div><\/div><\/div><\/div><\/div>\n","protected":false},"excerpt":{"rendered":"","protected":false},"author":35,"featured_media":0,"parent":0,"menu_order":0,"comment_status":"closed","ping_status":"closed","template":"100-width.php","meta":{"footnotes":""},"class_list":["post-21419","page","type-page","status-publish","hentry"],"_links":{"self":[{"href":"https:\/\/fuel-it.io\/de\/wp-json\/wp\/v2\/pages\/21419","targetHints":{"allow":["GET"]}}],"collection":[{"href":"https:\/\/fuel-it.io\/de\/wp-json\/wp\/v2\/pages"}],"about":[{"href":"https:\/\/fuel-it.io\/de\/wp-json\/wp\/v2\/types\/page"}],"author":[{"embeddable":true,"href":"https:\/\/fuel-it.io\/de\/wp-json\/wp\/v2\/users\/35"}],"replies":[{"embeddable":true,"href":"https:\/\/fuel-it.io\/de\/wp-json\/wp\/v2\/comments?post=21419"}],"version-history":[{"count":2,"href":"https:\/\/fuel-it.io\/de\/wp-json\/wp\/v2\/pages\/21419\/revisions"}],"predecessor-version":[{"id":21431,"href":"https:\/\/fuel-it.io\/de\/wp-json\/wp\/v2\/pages\/21419\/revisions\/21431"}],"wp:attachment":[{"href":"https:\/\/fuel-it.io\/de\/wp-json\/wp\/v2\/media?parent=21419"}],"curies":[{"name":"wp","href":"https:\/\/api.w.org\/{rel}","templated":true}]}}