{"id":20365,"date":"2018-01-21T15:38:08","date_gmt":"2018-01-21T14:38:08","guid":{"rendered":"https:\/\/fuel-it.io\/legale-erwaehnungen\/"},"modified":"2023-10-03T11:00:04","modified_gmt":"2023-10-03T09:00:04","slug":"legale-erwaehnungen","status":"publish","type":"page","link":"https:\/\/fuel-it.io\/de\/legale-erwaehnungen\/","title":{"rendered":"Rechtliche Hinweise"},"content":{"rendered":"<div class=\"fusion-fullwidth fullwidth-box fusion-builder-row-1 fusion-flex-container nonhundred-percent-fullwidth non-hundred-percent-height-scrolling ctnr-top-page\" style=\"--awb-border-radius-top-left:0px;--awb-border-radius-top-right:0px;--awb-border-radius-bottom-right:0px;--awb-border-radius-bottom-left:0px;--awb-flex-wrap:wrap;\" ><div class=\"fusion-builder-row fusion-row fusion-flex-align-items-flex-start fusion-flex-justify-content-center fusion-flex-content-wrap\" style=\"max-width:1189.76px;margin-left: calc(-4% \/ 2 );margin-right: calc(-4% \/ 2 );\"><div class=\"fusion-layout-column fusion_builder_column fusion-builder-column-0 fusion_builder_column_1_1 1_1 fusion-flex-column fusion-flex-align-self-flex-start fusion-column-no-min-height\" style=\"--awb-bg-size:cover;--awb-width-large:100%;--awb-margin-top-large:0px;--awb-spacing-right-large:1.92%;--awb-margin-bottom-large:20px;--awb-spacing-left-large:1.92%;--awb-width-medium:100%;--awb-order-medium:0;--awb-spacing-right-medium:1.92%;--awb-spacing-left-medium:1.92%;--awb-width-small:100%;--awb-order-small:0;--awb-spacing-right-small:1.92%;--awb-spacing-left-small:1.92%;\"><div class=\"fusion-column-wrapper fusion-column-has-shadow fusion-flex-justify-content-flex-start fusion-content-layout-column\"><div class=\"fusion-title title fusion-title-1 fusion-sep-none fusion-title-center fusion-title-text fusion-title-size-one\" style=\"--awb-margin-top-small:10px;--awb-margin-right-small:0px;--awb-margin-bottom-small:10px;--awb-margin-left-small:0px;\"><h1 class=\"fusion-title-heading title-heading-center\" style=\"margin:0;\">Rechtliche Informationen<\/h1><\/div><div class=\"fusion-text fusion-text-1\" style=\"--awb-text-transform:none;\"><h2>1. Pr\u00e4sentation der Website:<\/h2>\n<p>Gem\u00e4\u00df den Bestimmungen der Artikel 6-III und 19 des Gesetzes Nr. 2004-575 vom 21. Juni 2004 \u00fcber das Vertrauen in die digitale Wirtschaft, auch L.C.E.N. genannt, bringen wir den Nutzern und Besuchern der Website: fuel-it.io folgende Informationen zur Kenntnis:<br \/>\nRechtliche Informationen :<br \/>\nName des Unternehmens: FOUR DATA ( Muttergesellschaft)<br \/>\nAdresse: 11 rue Paul TH\u00c9NARD, 21000 DIJON<br \/>\nSIRENE: 821 783 222<br \/>\nE-Mail-Adresse: contact@fourdata.io<\/p>\n<p>Die f\u00fcr die Ver\u00f6ffentlichung verantwortliche Person ist: Frau Capucine DUBREUILLE<\/p>\n<p>Der Ersteller der Seite ist <a href=\"https:\/\/adesio.co\/\">die Webagentur Adesio<\/a><br \/>\nDer Webmaster ist: Adesio<br \/>\nKontaktieren Sie den Webmaster: info@adesio.co<br \/>\nDer Host der Website ist: Kinsta<\/p>\n<h2>2. Leistungsbeschreibung:<\/h2>\n<p>Die Website <strong>fuel-it.io<\/strong> soll Informationen \u00fcber die gesamte Bandbreite der Aktivit\u00e4ten des Unternehmens liefern. Der Eigent\u00fcmer der Website bem\u00fcht sich, auf der Website fuelit.io m\u00f6glichst genaue Informationen zur Verf\u00fcgung zu stellen. Sie kann jedoch nicht f\u00fcr Auslassungen, Ungenauigkeiten und M\u00e4ngel in der Aktualisierung haftbar gemacht werden, die von ihr selbst oder von dritten Partnern, die ihr diese Informationen zur Verf\u00fcgung stellen, verursacht werden. Alle auf der Website example.com aufgef\u00fchrten Informationen sind unverbindlich, nicht ersch\u00f6pfend und k\u00f6nnen sich \u00e4ndern. Sie wird vorbehaltlich der \u00c4nderungen gegeben, die seit ihrer Online-Ver\u00f6ffentlichung eingetreten sind.<\/p>\n<h2>3. Geistiges Eigentum und F\u00e4lschung :<\/h2>\n<p>Der Eigent\u00fcmer der Website ist Eigent\u00fcmer der geistigen Eigentumsrechte oder besitzt die Nutzungsrechte an allen auf der Website zug\u00e4nglichen Elementen, insbesondere an Texten, Bildern, Grafiken, Logos, Icons, Kl\u00e4ngen, Software&#8230; Jede Vervielf\u00e4ltigung, Darstellung, \u00c4nderung, Ver\u00f6ffentlichung, vollst\u00e4ndige oder teilweise Anpassung der Elemente der Website, unabh\u00e4ngig von den verwendeten Mitteln oder Verfahren, ist untersagt, au\u00dfer bei vorheriger schriftlicher Genehmigung an die E-Mail-Adresse :  <a href=\"mailto:contact@fuel-it.io\">contact@fuel-it.io<\/a>. Jede nicht genehmigte Nutzung der Website oder eines ihrer Elemente wird als F\u00e4lschung angesehen und gem\u00e4\u00df den Bestimmungen der Artikel L.335-2 ff. verfolgt. des Gesetzes \u00fcber geistiges Eigentum.<\/p>\n<h2>4. Hyperlinks und Cookies :<\/h2>\n<p>Die Website fourdata.io enth\u00e4lt eine Reihe von Hypertext-Links zu anderen Websites (Partner, Informationen&#8230;), die mit Genehmigung des Eigent\u00fcmers der Website eingerichtet wurden. Der Besitzer der Seite hat jedoch keine M\u00f6glichkeit, den Inhalt der so besuchten Seiten zu \u00fcberpr\u00fcfen und lehnt daher jede Verantwortung f\u00fcr m\u00f6gliche Risiken durch illegale Inhalte ab.<br \/>\nDer Nutzer wird dar\u00fcber informiert, dass bei seinen Besuchen auf der Website example.com ein oder mehrere Cookies automatisch auf seinem Computer installiert werden k\u00f6nnen. Ein Cookie ist eine kleine Datei, die den Nutzer nicht identifiziert, aber Informationen \u00fcber die Navigation eines Computers auf einer Website speichert. Die so erhaltenen Daten sollen die sp\u00e4tere Navigation auf der Website erleichtern und dienen auch dazu, verschiedene Messungen der Besucherzahlen zu erm\u00f6glichen.<br \/>\nDie Einstellung der Browser-Software erm\u00f6glicht es, \u00fcber das Vorhandensein eines Cookies zu informieren und es eventuell auf die unter folgender Adresse beschriebene Weise abzulehnen: www.cnil.fr.<br \/>\nDie Weigerung, ein Cookie zu setzen, kann den Zugang zu bestimmten Diensten unm\u00f6glich machen. Der Nutzer kann seinen Computer jedoch wie folgt konfigurieren, um die Installation von Cookies abzulehnen.<\/p>\n<h2>5. Schutz von Eigentum und Personen &#8211; Umgang mit personenbezogenen Daten :<\/h2>\n<p>Nutzer: Internetnutzer, der sich einloggt, die oben genannte Seite nutzt: fuel-it.io<br \/>\nIn Frankreich sind personenbezogene Daten insbesondere durch das Gesetz Nr. 78-87 vom 6. Januar 1978, das Gesetz Nr. 2004-801 vom 6. August 2004, Artikel L. 226-13 des Strafgesetzbuchs und die EU-Richtlinie vom 24. Oktober 1995 gesch\u00fctzt.<br \/>\nAuf der Website fourdata.io sammelt der Eigent\u00fcmer der Website pers\u00f6nliche Informationen \u00fcber den Nutzer nur f\u00fcr die Zwecke bestimmter Dienstleistungen, die auf der Website fourdata.io angeboten werden. Der Nutzer stellt diese Informationen in voller Kenntnis der Sachlage zur Verf\u00fcgung, insbesondere wenn er sie selbst eingibt. Dem Nutzer der Website example.com wird dann mitgeteilt, ob er zur Bereitstellung dieser Informationen verpflichtet ist oder nicht.<br \/>\nGem\u00e4\u00df den Bestimmungen der Artikel 38 ff. des Gesetzes 78-17 vom 6. Januar 1978 \u00fcber Informatik, Dateien und Freiheiten hat jeder Nutzer ein Recht auf Zugang, Berichtigung, L\u00f6schung und Einspruch gegen die ihn betreffenden pers\u00f6nlichen Daten. Um dieses Recht auszu\u00fcben, richten Sie Ihre Anfrage per E-Mail an example.com oder stellen Sie einen schriftlichen und unterschriebenen Antrag, dem eine Kopie des Personalausweises mit Unterschrift des Inhabers des Dokuments beiliegt, und geben Sie die Adresse an, an die die Antwort gesendet werden soll.<br \/>\nKeine pers\u00f6nlichen Informationen des Nutzers der Website example.com werden ohne Wissen des Nutzers ver\u00f6ffentlicht, ausgetauscht, \u00fcbertragen, abgetreten oder auf irgendeinem Datentr\u00e4ger an Dritte verkauft. Nur die Annahme des R\u00fcckkaufs der Website example.com vom Eigent\u00fcmer der Website und seiner Rechte erm\u00f6glicht die \u00dcbertragung der genannten Informationen an einen eventuellen Erwerber, der seinerseits an die gleiche Verpflichtung zur Aufbewahrung und \u00c4nderung der Daten gegen\u00fcber dem Benutzer der Website fuel-it.io gebunden ist.<\/p>\n<\/div><\/div><\/div><\/div><\/div>\n","protected":false},"excerpt":{"rendered":"","protected":false},"author":1,"featured_media":0,"parent":0,"menu_order":0,"comment_status":"closed","ping_status":"closed","template":"","meta":{"footnotes":""},"class_list":["post-20365","page","type-page","status-publish","hentry"],"_links":{"self":[{"href":"https:\/\/fuel-it.io\/de\/wp-json\/wp\/v2\/pages\/20365","targetHints":{"allow":["GET"]}}],"collection":[{"href":"https:\/\/fuel-it.io\/de\/wp-json\/wp\/v2\/pages"}],"about":[{"href":"https:\/\/fuel-it.io\/de\/wp-json\/wp\/v2\/types\/page"}],"author":[{"embeddable":true,"href":"https:\/\/fuel-it.io\/de\/wp-json\/wp\/v2\/users\/1"}],"replies":[{"embeddable":true,"href":"https:\/\/fuel-it.io\/de\/wp-json\/wp\/v2\/comments?post=20365"}],"version-history":[{"count":5,"href":"https:\/\/fuel-it.io\/de\/wp-json\/wp\/v2\/pages\/20365\/revisions"}],"predecessor-version":[{"id":30940,"href":"https:\/\/fuel-it.io\/de\/wp-json\/wp\/v2\/pages\/20365\/revisions\/30940"}],"wp:attachment":[{"href":"https:\/\/fuel-it.io\/de\/wp-json\/wp\/v2\/media?parent=20365"}],"curies":[{"name":"wp","href":"https:\/\/api.w.org\/{rel}","templated":true}]}}