{"id":20364,"date":"2017-05-09T15:29:18","date_gmt":"2017-05-09T13:29:18","guid":{"rendered":"https:\/\/fuel-it.io\/allgemeine-bedingungen-der-nutzung-von-fuelsens\/"},"modified":"2023-02-25T21:44:07","modified_gmt":"2023-02-25T20:44:07","slug":"allgemeine-bedingungen-der-nutzung-von-fuelsens","status":"publish","type":"page","link":"https:\/\/fuel-it.io\/de\/allgemeine-bedingungen-der-nutzung-von-fuelsens\/","title":{"rendered":"AGB &#8211; FuelSens FuelDesk"},"content":{"rendered":"<p><div class=\"fusion-bg-parallax\" data-bg-align=\"center center\" data-direction=\"up\" data-mute=\"false\" data-opacity=\"100\" data-velocity=\"-0.3\" data-mobile-enabled=\"false\" data-break_parents=\"0\" data-bg-image=\"https:\/\/fuel-it.io\/wp-content\/uploads\/2018\/07\/fuel-it-image-fond-page-professionnelle-capteur-connect\u00e9-cuve-mazout-fioul-sigfox-lora.jpg\" data-bg-repeat=\"false\" ><\/div><div class=\"fusion-fullwidth fullwidth-box fusion-builder-row-1 fusion-flex-container fusion-parallax-up nonhundred-percent-fullwidth non-hundred-percent-height-scrolling\" style=\"--awb-border-radius-top-left:0px;--awb-border-radius-top-right:0px;--awb-border-radius-bottom-right:0px;--awb-border-radius-bottom-left:0px;--awb-background-image:url(&quot;https:\/\/fuel-it.io\/wp-content\/uploads\/2018\/07\/fuel-it-image-fond-page-professionnelle-capteur-connect\u00e9-cuve-mazout-fioul-sigfox-lora.jpg&quot;);--awb-background-size:cover;--awb-flex-wrap:wrap;\" ><div class=\"fusion-builder-row fusion-row fusion-flex-align-items-flex-start fusion-flex-content-wrap\" style=\"max-width:1189.76px;margin-left: calc(-4% \/ 2 );margin-right: calc(-4% \/ 2 );\"><div class=\"fusion-layout-column fusion_builder_column fusion-builder-column-0 fusion_builder_column_3_4 3_4 fusion-flex-column\" style=\"--awb-bg-size:cover;--awb-width-large:75%;--awb-margin-top-large:0px;--awb-spacing-right-large:2.56%;--awb-margin-bottom-large:20px;--awb-spacing-left-large:2.56%;--awb-width-medium:75%;--awb-spacing-right-medium:2.56%;--awb-spacing-left-medium:2.56%;--awb-width-small:100%;--awb-spacing-right-small:1.92%;--awb-spacing-left-small:1.92%;\"><div class=\"fusion-column-wrapper fusion-flex-justify-content-flex-start fusion-content-layout-column\"><\/div><\/div><div class=\"fusion-layout-column fusion_builder_column fusion-builder-column-1 fusion_builder_column_1_4 1_4 fusion-flex-column fusion-animated\" style=\"--awb-padding-left:-1000px;--awb-bg-size:cover;--awb-width-large:25%;--awb-margin-top-large:0px;--awb-spacing-right-large:7.68%;--awb-margin-bottom-large:20px;--awb-spacing-left-large:7.68%;--awb-width-medium:25%;--awb-spacing-right-medium:7.68%;--awb-spacing-left-medium:7.68%;--awb-width-small:100%;--awb-spacing-right-small:1.92%;--awb-spacing-left-small:1.92%;\" data-animationType=\"fadeInUp\" data-animationDuration=\"0.3\" data-animationOffset=\"top-into-view\"><div class=\"fusion-column-wrapper fusion-flex-justify-content-flex-start fusion-content-layout-column\"><div class=\"fusion-separator fusion-full-width-sep\" style=\"align-self: center;margin-left: auto;margin-right: auto;margin-top:150px;width:100%;\"><\/div><div class=\"fusion-text fusion-text-1\"><p style=\"text-align: right; font-size: 18px;\"><strong><span style=\"color: #ffffff;\">Messen Sie den Heiz\u00f6lstand in den Tanks Ihrer Kunden mit unserem angeschlossenen Sensor.<\/span><\/strong><\/p>\n<\/div><div style=\"text-align:right;\"><a class=\"fusion-button button-flat fusion-button-default-size button-default fusion-button-default button-1 fusion-button-default-span fusion-button-default-type\" target=\"_self\" href=\"https:\/\/fuel-it.io\/capteur-de-niveau\/\"><span class=\"fusion-button-text awb-button__text awb-button__text--default\">Entdecken Sie den Sensor<\/span><\/a><\/div><div class=\"fusion-separator fusion-full-width-sep\" style=\"align-self: center;margin-left: auto;margin-right: auto;margin-top:150px;width:100%;\"><\/div><\/div><\/div><\/div><\/div><div class=\"fusion-fullwidth fullwidth-box fusion-builder-row-2 fusion-flex-container nonhundred-percent-fullwidth non-hundred-percent-height-scrolling\" style=\"--awb-border-radius-top-left:0px;--awb-border-radius-top-right:0px;--awb-border-radius-bottom-right:0px;--awb-border-radius-bottom-left:0px;--awb-flex-wrap:wrap;\" ><div class=\"fusion-builder-row fusion-row fusion-flex-align-items-flex-start fusion-flex-content-wrap\" style=\"max-width:1189.76px;margin-left: calc(-4% \/ 2 );margin-right: calc(-4% \/ 2 );\"><div class=\"fusion-layout-column fusion_builder_column fusion-builder-column-2 fusion_builder_column_1_1 1_1 fusion-flex-column\" style=\"--awb-bg-size:cover;--awb-width-large:100%;--awb-margin-top-large:0px;--awb-spacing-right-large:1.92%;--awb-margin-bottom-large:20px;--awb-spacing-left-large:1.92%;--awb-width-medium:100%;--awb-spacing-right-medium:1.92%;--awb-spacing-left-medium:1.92%;--awb-width-small:100%;--awb-spacing-right-small:1.92%;--awb-spacing-left-small:1.92%;\"><div class=\"fusion-column-wrapper fusion-flex-justify-content-flex-start fusion-content-layout-column\"><div class=\"fusion-separator fusion-full-width-sep\" style=\"align-self: center;margin-left: auto;margin-right: auto;width:100%;\"><div class=\"fusion-separator-border sep-double\" style=\"--awb-height:20px;--awb-amount:20px;border-color:var(--awb-color3);border-top-width:1px;border-bottom-width:1px;\"><\/div><\/div><div class=\"fusion-title title fusion-title-1 fusion-sep-none fusion-title-center fusion-title-text fusion-title-size-one\" style=\"--awb-margin-top-small:10px;--awb-margin-right-small:0px;--awb-margin-bottom-small:10px;--awb-margin-left-small:0px;\"><h1 class=\"fusion-title-heading title-heading-center\" style=\"margin:0;\"><h1 style=\"text-align: center;\"><span style=\"color: #ce173c;\"><strong>DATENRICHTLINIEN<\/strong><\/span><\/h1><\/h1><\/div><div class=\"fusion-text fusion-text-2\" style=\"--awb-text-transform:none;\"><p style=\"text-align: left;\"><em>Version 2 vom 01.06.2022<\/em><\/p>\n<\/div><div class=\"fusion-title title fusion-title-2 fusion-sep-none fusion-title-center fusion-title-text fusion-title-size-one\" style=\"--awb-margin-top-small:10px;--awb-margin-right-small:0px;--awb-margin-bottom-small:10px;--awb-margin-left-small:0px;\"><h1 class=\"fusion-title-heading title-heading-center\" style=\"margin:0;\"><h2>Allgemeine Grunds\u00e4tze, die f\u00fcr den Schutz personenbezogener Daten f\u00fcr Nutzer der Dienste Four Data \/ Fuel it gelten<\/h2><\/h1><\/div><\/div><\/div><\/div><\/div><div class=\"fusion-fullwidth fullwidth-box fusion-builder-row-3 fusion-flex-container nonhundred-percent-fullwidth non-hundred-percent-height-scrolling\" style=\"--awb-border-radius-top-left:0px;--awb-border-radius-top-right:0px;--awb-border-radius-bottom-right:0px;--awb-border-radius-bottom-left:0px;--awb-flex-wrap:wrap;\" ><div class=\"fusion-builder-row fusion-row fusion-flex-align-items-flex-start fusion-flex-content-wrap\" style=\"max-width:1189.76px;margin-left: calc(-4% \/ 2 );margin-right: calc(-4% \/ 2 );\"><div class=\"fusion-layout-column fusion_builder_column fusion-builder-column-3 fusion_builder_column_1_1 1_1 fusion-flex-column\" style=\"--awb-bg-size:cover;--awb-width-large:100%;--awb-margin-top-large:0px;--awb-spacing-right-large:1.92%;--awb-margin-bottom-large:20px;--awb-spacing-left-large:1.92%;--awb-width-medium:100%;--awb-order-medium:0;--awb-spacing-right-medium:1.92%;--awb-spacing-left-medium:1.92%;--awb-width-small:100%;--awb-order-small:0;--awb-spacing-right-small:1.92%;--awb-spacing-left-small:1.92%;\"><div class=\"fusion-column-wrapper fusion-column-has-shadow fusion-flex-justify-content-flex-start fusion-content-layout-column\"><div class=\"fusion-text fusion-text-3\" style=\"--awb-text-transform:none;\"><p style=\"text-align: left;\">Das Unternehmen Four Data verarbeitet \u00fcber seine Marke Fuel it personenbezogene Daten unter Einhaltung der geltenden Gesetze und Vorschriften, insbesondere der Allgemeinen Datenschutzverordnung (DSGVO), des Gesetzes \u00fcber Informatik und Freiheiten vom 6. Januar 1978 in der ge\u00e4nderten Fassung und der von der CNIL herausgegebenen Referenzen.<br \/>\nIn den Unternehmen werden Richtlinien zur Governance personenbezogener Daten umgesetzt und die Einhaltung ihrer Bestimmungen wird \u00fcberwacht.<\/p>\n<\/div><\/div><\/div><\/div><\/div><div class=\"fusion-fullwidth fullwidth-box fusion-builder-row-4 fusion-flex-container nonhundred-percent-fullwidth non-hundred-percent-height-scrolling\" style=\"--awb-border-radius-top-left:0px;--awb-border-radius-top-right:0px;--awb-border-radius-bottom-right:0px;--awb-border-radius-bottom-left:0px;--awb-flex-wrap:wrap;\" ><div class=\"fusion-builder-row fusion-row fusion-flex-align-items-flex-start fusion-flex-content-wrap\" style=\"max-width:1189.76px;margin-left: calc(-4% \/ 2 );margin-right: calc(-4% \/ 2 );\"><div class=\"fusion-layout-column fusion_builder_column fusion-builder-column-4 fusion_builder_column_1_1 1_1 fusion-flex-column\" style=\"--awb-bg-size:cover;--awb-width-large:100%;--awb-margin-top-large:0px;--awb-spacing-right-large:1.92%;--awb-margin-bottom-large:20px;--awb-spacing-left-large:1.92%;--awb-width-medium:100%;--awb-order-medium:0;--awb-spacing-right-medium:1.92%;--awb-spacing-left-medium:1.92%;--awb-width-small:100%;--awb-order-small:0;--awb-spacing-right-small:1.92%;--awb-spacing-left-small:1.92%;\"><div class=\"fusion-column-wrapper fusion-column-has-shadow fusion-flex-justify-content-flex-start fusion-content-layout-column\"><div class=\"fusion-text fusion-text-4\" style=\"--awb-text-transform:none;\"><h2>1. Bestimmter, ausdr\u00fccklicher und rechtm\u00e4\u00dfiger Zweck der Verarbeitung<\/h2>\n<\/div><div class=\"fusion-text fusion-text-5\" style=\"--awb-text-transform:none;\"><p>Personenbezogene Daten werden f\u00fcr bestimmte Zwecke (Zwecke) erhoben, die den betroffenen Personen mitgeteilt werden. Diese Daten d\u00fcrfen nicht in einer Weise weiterverwendet werden, die mit diesen Zwecken unvereinbar ist. Diese Daten werden nach Treu und Glauben gesammelt und die Nutzer werden dar\u00fcber informiert; es findet keine Sammlung ohne das Wissen oder die Information von Personen statt.<\/p>\n<\/div><\/div><\/div><\/div><\/div><div class=\"fusion-fullwidth fullwidth-box fusion-builder-row-5 fusion-flex-container nonhundred-percent-fullwidth non-hundred-percent-height-scrolling\" style=\"--awb-border-radius-top-left:0px;--awb-border-radius-top-right:0px;--awb-border-radius-bottom-right:0px;--awb-border-radius-bottom-left:0px;--awb-flex-wrap:wrap;\" ><div class=\"fusion-builder-row fusion-row fusion-flex-align-items-flex-start fusion-flex-content-wrap\" style=\"max-width:1189.76px;margin-left: calc(-4% \/ 2 );margin-right: calc(-4% \/ 2 );\"><div class=\"fusion-layout-column fusion_builder_column fusion-builder-column-5 fusion_builder_column_1_1 1_1 fusion-flex-column\" style=\"--awb-bg-size:cover;--awb-width-large:100%;--awb-margin-top-large:0px;--awb-spacing-right-large:1.92%;--awb-margin-bottom-large:20px;--awb-spacing-left-large:1.92%;--awb-width-medium:100%;--awb-order-medium:0;--awb-spacing-right-medium:1.92%;--awb-spacing-left-medium:1.92%;--awb-width-small:100%;--awb-order-small:0;--awb-spacing-right-small:1.92%;--awb-spacing-left-small:1.92%;\"><div class=\"fusion-column-wrapper fusion-column-has-shadow fusion-flex-justify-content-flex-start fusion-content-layout-column\"><div class=\"fusion-text fusion-text-6\" style=\"--awb-text-transform:none;\"><h2>2. Relevanz der gesammelten Daten<\/h2>\n<\/div><div class=\"fusion-text fusion-text-7\" style=\"--awb-text-transform:none;\"><p>Gem\u00e4\u00df den geltenden Vorschriften der DSGVO kann Four Data direkt von seinen Privatkunden oder indirekt \u00fcber Gesch\u00e4ftskunden personenbezogene Daten erheben, die den geltenden Rechtsvorschriften entsprechen. Gem\u00e4\u00df dem Grundsatz der Datenminimierung erheben wir nur die Daten, die f\u00fcr die Zwecke, f\u00fcr die sie verarbeitet werden, erforderlich sind.<\/p>\n<p>Die verschiedenen Kategorien von Daten, die bei Ihrer Anmeldung zu Four Data-Diensten (SaaS-Webschnittstellen f\u00fcr Gesch\u00e4ftskunden und f\u00fcr Privatkunden oder Gesch\u00e4ftskunden) im Rahmen Ihrer Nutzung unserer Dienste oder Anwendungen erfasst werden, sind die folgenden:<\/p>\n<p>Daten, die im Zusammenhang mit der Nutzung der professionellen Desk-Software &amp; der Smartphone-App (Android &amp; iOS) erhoben werden<\/p>\n<\/div><div class=\"fusion-text fusion-text-8\" style=\"--awb-text-transform:none;\"><ul>\n<li>  Identifikationsdaten (einschlie\u00dflich Name, Vorname, Kundennummer, technische Kennungen des Kunden) ;<\/li>\n<li>Kontaktdaten (einschlie\u00dflich Post- oder E-Mail-Adressen, Telefonnummern) ;<\/li>\n<li>Technische Daten (einschlie\u00dflich Art des Inhalts, Format und Abmessungen, Verbrauchsdaten)<\/li>\n<li>Nutzungsdaten (u. a. besuchte Webseiten, verwendetes Angebot, Art des Mediums usw.) ;<\/li>\n<li>Verbindungsdaten (einschlie\u00dflich der IP-Adresse Ihres Computers, Verbindungs- und Nutzungsprotokolle) ;<\/li>\n<li>Finanzdaten im Falle der Nutzung des Plugins &#8222;Payment by FI&#8220; (Zahlungsmittel und -historie) ;<\/li>\n<li>Gesch\u00e4ftsdaten (Liste der Produkte und Dienstleistungen, von denen Sie profitieren, Daten des Lieferers &amp; H\u00e4ndlers)<\/li>\n<\/ul>\n<\/div><div class=\"fusion-text fusion-text-9\" style=\"--awb-text-transform:none;\"><p>Daten, die im Zusammenhang mit der Nutzung der professionellen Desk-Software erhoben werden<\/p>\n<p>Identifikationsdaten (einschlie\u00dflich Name, Vorname, Kundennummer, technische Kennungen des<br \/>\nKunde) ;<\/p>\n<ul>\n<li>Kontaktdaten (einschlie\u00dflich Post- oder E-Mail-Adressen, Telefonnummern) ;<\/li>\n<li>Technische Kundendaten (Daten, die in der Kundenschnittstelle vorhanden sind)<\/li>\n<li>Nutzungsdaten (u. a. besuchte Webseiten, verwendetes Angebot, Art des Mediums usw.) ;<\/li>\n<li>Verbindungsdaten (einschlie\u00dflich der IP-Adresse Ihres Computers, Verbindungsprotokolle und<br \/>\nder Nutzung) ;<\/li>\n<li>Gesch\u00e4ftsdaten (Liste der Produkte und Dienstleistungen, die Sie in Anspruch nehmen &amp; verwendete Plugins)<\/li>\n<\/ul>\n<\/div><\/div><\/div><\/div><\/div><div class=\"fusion-fullwidth fullwidth-box fusion-builder-row-6 fusion-flex-container nonhundred-percent-fullwidth non-hundred-percent-height-scrolling\" style=\"--awb-border-radius-top-left:0px;--awb-border-radius-top-right:0px;--awb-border-radius-bottom-right:0px;--awb-border-radius-bottom-left:0px;--awb-flex-wrap:wrap;\" ><div class=\"fusion-builder-row fusion-row fusion-flex-align-items-flex-start fusion-flex-content-wrap\" style=\"max-width:1189.76px;margin-left: calc(-4% \/ 2 );margin-right: calc(-4% \/ 2 );\"><div class=\"fusion-layout-column fusion_builder_column fusion-builder-column-6 fusion_builder_column_1_1 1_1 fusion-flex-column\" style=\"--awb-bg-size:cover;--awb-width-large:100%;--awb-margin-top-large:0px;--awb-spacing-right-large:1.92%;--awb-margin-bottom-large:20px;--awb-spacing-left-large:1.92%;--awb-width-medium:100%;--awb-order-medium:0;--awb-spacing-right-medium:1.92%;--awb-spacing-left-medium:1.92%;--awb-width-small:100%;--awb-order-small:0;--awb-spacing-right-small:1.92%;--awb-spacing-left-small:1.92%;\"><div class=\"fusion-column-wrapper fusion-column-has-shadow fusion-flex-justify-content-flex-start fusion-content-layout-column\"><div class=\"fusion-text fusion-text-10\" style=\"--awb-text-transform:none;\"><h2>3. Begrenzte Aufbewahrungsdauer f\u00fcr personenbezogene Daten<\/h2>\n<\/div><div class=\"fusion-text fusion-text-11\" style=\"--awb-text-transform:none;\"><p>Personenbezogene Daten werden f\u00fcr einen begrenzten Zeitraum aufbewahrt, der nicht l\u00e4nger ist, als es f\u00fcr die Zwecke der Erhebung erforderlich ist. Die Fristen f\u00fcr die Aufbewahrung der Daten werden den Personen zur Kenntnis gebracht und variieren je nach Art der Daten, dem Zweck der Verarbeitung oder den gesetzlichen oder regulatorischen Anforderungen.<\/p>\n<\/div><\/div><\/div><\/div><\/div><div class=\"fusion-fullwidth fullwidth-box fusion-builder-row-7 fusion-flex-container nonhundred-percent-fullwidth non-hundred-percent-height-scrolling\" style=\"--awb-border-radius-top-left:0px;--awb-border-radius-top-right:0px;--awb-border-radius-bottom-right:0px;--awb-border-radius-bottom-left:0px;--awb-flex-wrap:wrap;\" ><div class=\"fusion-builder-row fusion-row fusion-flex-align-items-flex-start fusion-flex-content-wrap\" style=\"max-width:1189.76px;margin-left: calc(-4% \/ 2 );margin-right: calc(-4% \/ 2 );\"><div class=\"fusion-layout-column fusion_builder_column fusion-builder-column-7 fusion_builder_column_1_1 1_1 fusion-flex-column\" style=\"--awb-bg-size:cover;--awb-width-large:100%;--awb-margin-top-large:0px;--awb-spacing-right-large:1.92%;--awb-margin-bottom-large:20px;--awb-spacing-left-large:1.92%;--awb-width-medium:100%;--awb-order-medium:0;--awb-spacing-right-medium:1.92%;--awb-spacing-left-medium:1.92%;--awb-width-small:100%;--awb-order-small:0;--awb-spacing-right-small:1.92%;--awb-spacing-left-small:1.92%;\"><div class=\"fusion-column-wrapper fusion-column-has-shadow fusion-flex-justify-content-flex-start fusion-content-layout-column\"><div class=\"fusion-text fusion-text-12\" style=\"--awb-text-transform:none;\"><h2>4. Rechte der Personen<\/h2>\n<\/div><div class=\"fusion-text fusion-text-13\" style=\"--awb-text-transform:none;\"><p>Alle notwendigen Mittel, um die Wirksamkeit der Rechte von Personen in Bezug auf ihre personenbezogenen Daten zu gew\u00e4hrleisten, werden \u00fcber die professionelle Desk-Software &amp; ihr DSGVO-Plugin implementiert.<\/p>\n<ul>\n<li>Klare und vollst\u00e4ndige Informationen \u00fcber die durchgef\u00fchrten Datenverarbeitungen, einfach<br \/>\nf\u00fcr alle zug\u00e4nglich und verst\u00e4ndlich.<\/li>\n<li>Erleichterter Zugang zu Daten: Jede Person hat Rechte \u00fcber die Daten, die sie betreffen,<br \/>\ndie sie jederzeit und kostenlos aus\u00fcben kann, indem sie in ihrem Bereich einen entsprechenden Antrag stellt<br \/>\nKlient.<\/li>\n<\/ul>\n<p>So k\u00f6nnen Personen auf alle ihre pers\u00f6nlichen Daten zugreifen und diese in bestimmten F\u00e4llen berichtigen (unrichtige oder unvollst\u00e4ndige Daten), l\u00f6schen lassen oder eine vor\u00fcbergehende Einschr\u00e4nkung der Nutzung beantragen. Personen haben auch ein Recht auf Daten\u00fcbertragbarkeit, wenn es sich um Daten handelt, die sie pers\u00f6nlich bereitgestellt haben, und wenn diese Daten auf der Grundlage der ausdr\u00fccklichen Zustimmung der Person oder zur Erf\u00fcllung eines Vertrags bereitgestellt wurden.<br \/>\nDiese Rechte werden online erleichtert oder sind auf andere Weise m\u00f6glich, wie es den Personen zur Kenntnis gebracht wurde. Solche Anfragen k\u00f6nnen auch an den DSB gerichtet werden.<\/p>\n<\/div><\/div><\/div><\/div><\/div><div class=\"fusion-fullwidth fullwidth-box fusion-builder-row-8 fusion-flex-container nonhundred-percent-fullwidth non-hundred-percent-height-scrolling\" style=\"--awb-border-radius-top-left:0px;--awb-border-radius-top-right:0px;--awb-border-radius-bottom-right:0px;--awb-border-radius-bottom-left:0px;--awb-flex-wrap:wrap;\" ><div class=\"fusion-builder-row fusion-row fusion-flex-align-items-flex-start fusion-flex-content-wrap\" style=\"max-width:1189.76px;margin-left: calc(-4% \/ 2 );margin-right: calc(-4% \/ 2 );\"><div class=\"fusion-layout-column fusion_builder_column fusion-builder-column-8 fusion_builder_column_1_1 1_1 fusion-flex-column\" style=\"--awb-bg-size:cover;--awb-width-large:100%;--awb-margin-top-large:0px;--awb-spacing-right-large:1.92%;--awb-margin-bottom-large:20px;--awb-spacing-left-large:1.92%;--awb-width-medium:100%;--awb-order-medium:0;--awb-spacing-right-medium:1.92%;--awb-spacing-left-medium:1.92%;--awb-width-small:100%;--awb-order-small:0;--awb-spacing-right-small:1.92%;--awb-spacing-left-small:1.92%;\"><div class=\"fusion-column-wrapper fusion-column-has-shadow fusion-flex-justify-content-flex-start fusion-content-layout-column\"><div class=\"fusion-text fusion-text-14\" style=\"--awb-text-transform:none;\"><h2>5. Ein Datenschutzbeauftragter (DPO)<\/h2>\n<\/div><div class=\"fusion-text fusion-text-15\" style=\"--awb-text-transform:none;\"><p>Um die Privatsph\u00e4re und den Schutz der personenbezogenen Daten aller zu wahren, hat das Unternehmen FOUR DATA seit 2018 einen Datenschutzbeauftragten (Correspondant Informatique et Libert\u00e9s, CIL) ernannt. Der heute als &#8222;Datenschutzbeauftragter&#8220; oder &#8222;Data Protection Officer&#8220; (DPO) bezeichnete DPO \u00fcbt seine Aufgaben unabh\u00e4ngig und f\u00fcr alle Marken des Unternehmens aus. Der DSB ist ein Vertrauensbeweis. Auf den Schutz personenbezogener Daten spezialisierter Ansprechpartner, der f\u00fcr die ordnungsgem\u00e4\u00dfe Anwendung der Datenschutzvorschriften zust\u00e4ndig ist, bevorzugter Ansprechpartner der Commission Nationale de l&#8217;Informatique et des Libert\u00e9s (CNIL) und aller Personen, die von einer Erhebung oder Verarbeitung personenbezogener Daten betroffen sind.<\/p>\n<\/div><\/div><\/div><\/div><\/div><div class=\"fusion-fullwidth fullwidth-box fusion-builder-row-9 fusion-flex-container nonhundred-percent-fullwidth non-hundred-percent-height-scrolling\" style=\"--awb-border-radius-top-left:0px;--awb-border-radius-top-right:0px;--awb-border-radius-bottom-right:0px;--awb-border-radius-bottom-left:0px;--awb-flex-wrap:wrap;\" ><div class=\"fusion-builder-row fusion-row fusion-flex-align-items-flex-start fusion-flex-content-wrap\" style=\"max-width:1189.76px;margin-left: calc(-4% \/ 2 );margin-right: calc(-4% \/ 2 );\"><div class=\"fusion-layout-column fusion_builder_column fusion-builder-column-9 fusion_builder_column_1_1 1_1 fusion-flex-column\" style=\"--awb-bg-size:cover;--awb-width-large:100%;--awb-margin-top-large:0px;--awb-spacing-right-large:1.92%;--awb-margin-bottom-large:20px;--awb-spacing-left-large:1.92%;--awb-width-medium:100%;--awb-order-medium:0;--awb-spacing-right-medium:1.92%;--awb-spacing-left-medium:1.92%;--awb-width-small:100%;--awb-order-small:0;--awb-spacing-right-small:1.92%;--awb-spacing-left-small:1.92%;\"><div class=\"fusion-column-wrapper fusion-column-has-shadow fusion-flex-justify-content-flex-start fusion-content-layout-column\"><div class=\"fusion-text fusion-text-16\" style=\"--awb-text-transform:none;\"><h2>6. \u00dcberwachung der Datenschutzrichtlinie<\/h2>\n<\/div><div class=\"fusion-text fusion-text-17\" style=\"--awb-text-transform:none;\"><p>Diese Richtlinie, die auf den Websites der Four-Data-Marken f\u00fcr alle zug\u00e4nglich ist, wird regelm\u00e4\u00dfig aktualisiert, um gesetzlichen und regulatorischen Entwicklungen Rechnung zu tragen.<\/p>\n<\/div><\/div><\/div><\/div><\/div><\/p>\n","protected":false},"excerpt":{"rendered":"","protected":false},"author":1,"featured_media":0,"parent":0,"menu_order":0,"comment_status":"closed","ping_status":"closed","template":"100-width.php","meta":{"footnotes":""},"class_list":["post-20364","page","type-page","status-publish","hentry"],"_links":{"self":[{"href":"https:\/\/fuel-it.io\/de\/wp-json\/wp\/v2\/pages\/20364","targetHints":{"allow":["GET"]}}],"collection":[{"href":"https:\/\/fuel-it.io\/de\/wp-json\/wp\/v2\/pages"}],"about":[{"href":"https:\/\/fuel-it.io\/de\/wp-json\/wp\/v2\/types\/page"}],"author":[{"embeddable":true,"href":"https:\/\/fuel-it.io\/de\/wp-json\/wp\/v2\/users\/1"}],"replies":[{"embeddable":true,"href":"https:\/\/fuel-it.io\/de\/wp-json\/wp\/v2\/comments?post=20364"}],"version-history":[{"count":2,"href":"https:\/\/fuel-it.io\/de\/wp-json\/wp\/v2\/pages\/20364\/revisions"}],"predecessor-version":[{"id":20382,"href":"https:\/\/fuel-it.io\/de\/wp-json\/wp\/v2\/pages\/20364\/revisions\/20382"}],"wp:attachment":[{"href":"https:\/\/fuel-it.io\/de\/wp-json\/wp\/v2\/media?parent=20364"}],"curies":[{"name":"wp","href":"https:\/\/api.w.org\/{rel}","templated":true}]}}